{"id":6755,"date":"2026-04-06T22:42:32","date_gmt":"2026-04-06T22:42:32","guid":{"rendered":"https:\/\/purethcshop.de\/?post_type=product&#038;p=6755"},"modified":"2026-04-14T13:20:07","modified_gmt":"2026-04-14T13:20:07","slug":"boutiq-switch-v4-kaufen-2g-white-gummy-vape-pure-thc-shop","status":"publish","type":"product","link":"https:\/\/purethcshop.de\/en\/product\/boutiq-switch-v4-kaufen-2g-white-gummy-vape-pure-thc-shop\/","title":{"rendered":"Boutiq Switch V4 | Cherry Gas x White Gummy | 2G Dual Tank Einweg Vape"},"content":{"rendered":"<h1 data-path-to-node=\"5\">Boutiq Switch V4: Erstklassiger Genuss mit Cherry Gas &amp; White Gummy<\/h1>\n<p data-path-to-node=\"6\">Der <b data-path-to-node=\"6\" data-index-in-node=\"4\">Boutiq Switch V4 Disposable Vape<\/b> liefert dir ein erstklassiges Vaping-Erlebnis mit modernster Technologie sowie hochwertigen Inhaltsstoffen. Da wir dieses Ger\u00e4t mit einer innovativen Keramik-Coil und Premium Live Resin ausstatten, garantiert es besonders sanfte und geschmacksintensive Z\u00fcge bei jedem Inhalieren. Die s\u00fc\u00dfen Noten der White Gummy Komponente zaubern dir garantiert ein entspanntes <b data-path-to-node=\"6\" data-index-in-node=\"399\">gummy smile<\/b> ins Gesicht. Besuche jetzt unseren <a class=\"ng-star-inserted\" href=\"https:\/\/purethcshop.de\/en\/shop\/\" target=\"_blank\" rel=\"noopener\" data-hveid=\"0\" data-ved=\"0CAAQ_4QMahgKEwiomM2UzOaTAxUAAAAAHQAAAAAQpws\">Shop<\/a>, um dieses neue Highlight direkt zu bestellen.<\/p>\n<h2 data-path-to-node=\"7\">Harmonische Aromen treffen auf technologische Pr\u00e4zision<\/h2>\n<p data-path-to-node=\"8\">Zuerst einmal bietet die Kombination aus Cherry Gas und White Gummy ein perfektes Zusammenspiel aus kr\u00e4ftigen, gasartigen Aromen und einer fruchtigen S\u00fc\u00dfe. Diese Mischung sorgt folglich f\u00fcr eine beruhigende sowie tief entspannende Wirkung auf deinen K\u00f6rper. W\u00e4hrend viele Nutzer f\u00fcr den schnellen Kick zwischendurch auf klassische <a class=\"ng-star-inserted\" href=\"https:\/\/purethcshop.de\/en\/product-category\/einweg-vapes\/\" target=\"_blank\" rel=\"noopener\" data-hveid=\"0\" data-ved=\"0CAAQ_4QMahgKEwiomM2UzOaTAxUAAAAAHQAAAAAQqAs\">Einweg Vapes<\/a> setzen, bietet der Switch V4 durch sein Dual-Tank-System eine deutlich h\u00f6here aromatische Komplexit\u00e4t. Wenn du mehr \u00fcber unsere Philosophie erfahren m\u00f6chtest, schau dir gerne unsere <a class=\"ng-star-inserted\" href=\"https:\/\/purethcshop.de\/en\/about-us\/\" target=\"_blank\" rel=\"noopener\" data-hveid=\"0\" data-ved=\"0CAAQ_4QMahgKEwiomM2UzOaTAxUAAAAAHQAAAAAQqQs\">About Us<\/a> Seite an.<\/p>\n<h2 data-path-to-node=\"9\">Wirkung: Die ideale Wahl zum Abschalten<\/h2>\n<p data-path-to-node=\"10\">Dieser Vape eignet sich hervorragend, um nach einem langen Tag effektiv abzuschalten oder einen ruhigen Moment in vollen Z\u00fcgen zu genie\u00dfen. Zudem stellt die wiederaufladbare Funktion sicher, dass du die gesamten 2 Gramm des kostbaren Extrakts ohne Leistungsverlust verbrauchst. Falls du jedoch die nat\u00fcrliche Form von erstklassigem <a class=\"ng-star-inserted\" href=\"https:\/\/purethcshop.de\/en\/product-category\/grass\/\" target=\"_blank\" rel=\"noopener\" data-hveid=\"0\" data-ved=\"0CAAQ_4QMahgKEwiomM2UzOaTAxUAAAAAHQAAAAAQqgs\">Grass<\/a> bevorzugst, halten wir ebenfalls exklusive kalifornische Bl\u00fcten f\u00fcr dich bereit.<\/p>\n<h3 data-path-to-node=\"11\">Technische Spezifikationen im \u00dcberblick<\/h3>\n<table data-path-to-node=\"12\">\n<thead>\n<tr>\n<td><strong>Merkmal<\/strong><\/td>\n<td><strong>Details<\/strong><\/td>\n<\/tr>\n<\/thead>\n<tbody>\n<tr>\n<td><span data-path-to-node=\"12,1,0,0\"><b data-path-to-node=\"12,1,0,0\" data-index-in-node=\"0\">Marke<\/b><\/span><\/td>\n<td><span data-path-to-node=\"12,1,1,0\">Boutiq<\/span><\/td>\n<\/tr>\n<tr>\n<td><span data-path-to-node=\"12,2,0,0\"><b data-path-to-node=\"12,2,0,0\" data-index-in-node=\"0\">Modell<\/b><\/span><\/td>\n<td><span data-path-to-node=\"12,2,1,0\">Switch V4 (Dual Tank)<\/span><\/td>\n<\/tr>\n<tr>\n<td><span data-path-to-node=\"12,3,0,0\"><b data-path-to-node=\"12,3,0,0\" data-index-in-node=\"0\">Inhalt<\/b><\/span><\/td>\n<td><span data-path-to-node=\"12,3,1,0\">2G (2.000 mg)<\/span><\/td>\n<\/tr>\n<tr>\n<td><span data-path-to-node=\"12,4,0,0\"><b data-path-to-node=\"12,4,0,0\" data-index-in-node=\"0\">Extrakt-Typ<\/b><\/span><\/td>\n<td><span data-path-to-node=\"12,4,1,0\">Premium Live Resin<\/span><\/td>\n<\/tr>\n<tr>\n<td><span data-path-to-node=\"12,5,0,0\"><b data-path-to-node=\"12,5,0,0\" data-index-in-node=\"0\">Geschmack<\/b><\/span><\/td>\n<td><span data-path-to-node=\"12,5,1,0\">Cherry Gas &amp; White Gummy (S\u00fc\u00df-Gasartig)<\/span><\/td>\n<\/tr>\n<\/tbody>\n<\/table>\n<h2 data-path-to-node=\"13\">Schlankes Design f\u00fcr deinen mobilen Alltag<\/h2>\n<p data-path-to-node=\"14\">Das schlanke sowie tragbare Design macht den Boutiq Switch V4 zum perfekten Begleiter f\u00fcr unterwegs und den t\u00e4glichen Gebrauch. Du verstaust das Ger\u00e4t problemlos in jeder Tasche und profitierst von einer absolut diskreten Anwendung. Neben unseren fortschrittlichen Vaporizern f\u00fchren wir f\u00fcr den genussvollen Verzehr auch hochwertige <a class=\"ng-star-inserted\" href=\"https:\/\/purethcshop.de\/en\/product-category\/esswaren\/\" target=\"_blank\" rel=\"noopener\" data-hveid=\"0\" data-ved=\"0CAAQ_4QMahgKEwiomM2UzOaTAxUAAAAAHQAAAAAQrgs\">Esswaren<\/a>. Falls du Fragen zur idealen Anwendung oder zum Versand hast, erreichst du uns jederzeit unkompliziert \u00fcber unsere <a class=\"ng-star-inserted\" href=\"https:\/\/purethcshop.de\/en\/contact\/\" target=\"_blank\" rel=\"noopener\" data-hveid=\"0\" data-ved=\"0CAAQ_4QMahgKEwiomM2UzOaTAxUAAAAAHQAAAAAQrws\">Kontaktseite<\/a>. Schau dir auch unsere gesamte Auswahl in der Kategorie <a class=\"ng-star-inserted\" href=\"https:\/\/purethcshop.de\/en\/product-category\/konzentrate\/\" target=\"_blank\" rel=\"noopener\" data-hveid=\"0\" data-ved=\"0CAAQ_4QMahgKEwiomM2UzOaTAxUAAAAAHQAAAAAQsAs\">Konzentrate<\/a> an, um weitere hochpotente Extrakte zu entdecken.<\/p>\n<h2 data-path-to-node=\"15\">Dein Premium-Vorteil im Pure THC Shop<\/h2>\n<p data-path-to-node=\"16\">Wir garantieren dir bei jeder Bestellung maximale Diskretion sowie den Erhalt von laborgepr\u00fcften Originalprodukten. Da wir die Vapes direkt aus den USA beziehen, genie\u00dft du den authentischen Standard der kalifornischen Cannabis-Szene. Bestelle noch heute deinen Boutiq Switch V4 und erlebe, warum die Kombination aus Cherry Gas und White Gummy derzeit zu den absoluten Favoriten geh\u00f6rt. Wir liefern deine Bestellung schnell, sicher und in einer v\u00f6llig neutralen Verpackung direkt zu dir nach Hause.<\/p>","protected":false},"excerpt":{"rendered":"<p data-start=\"194\" data-end=\"465\"><strong data-start=\"118\" data-end=\"157\">BOUTIQ SWITCH V4 \u2013 BLINKERS EDITION<\/strong><br data-start=\"157\" data-end=\"160\" \/><strong data-start=\"160\" data-end=\"190\">Cherry Gas x White Gummy<\/strong><\/p>\n<p data-start=\"194\" data-end=\"465\">Erlebe eine intensive Kombination aus den kr\u00e4ftigen, w\u00fcrzigen Noten von\u00a0<strong data-start=\"266\" data-end=\"280\">Cherry Gas<\/strong>\u00a0und der s\u00fc\u00dfen, candyartigen Leichtigkeit von\u00a0<strong data-start=\"326\" data-end=\"341\">White Gummy<\/strong>. Diese\u00a0<strong data-start=\"349\" data-end=\"375\">Indica-Hybrid-Mischung<\/strong>\u00a0sorgt f\u00fcr tiefe Entspannung und ein angenehm ausbalanciertes High f\u00fcr K\u00f6rper und Geist.<\/p>\n<ul data-start=\"467\" data-end=\"575\">\n<li data-section-id=\"b3swz3\" data-start=\"467\" data-end=\"494\"><strong data-start=\"469\" data-end=\"484\">Gesamt-THC:<\/strong>\u00a092,40 %<\/li>\n<li data-section-id=\"givi9c\" data-start=\"495\" data-end=\"527\"><strong data-start=\"497\" data-end=\"525\">2 g Liquid Live Diamonds<\/strong><\/li>\n<li data-section-id=\"153dmpg\" data-start=\"528\" data-end=\"551\"><strong data-start=\"530\" data-end=\"549\">Indica x Hybrid<\/strong><\/li>\n<li data-section-id=\"1q1fkzu\" data-start=\"552\" data-end=\"575\"><strong data-start=\"554\" data-end=\"573\">Wiederaufladbar<\/strong><\/li>\n<\/ul>","protected":false},"featured_media":6756,"comment_status":"open","ping_status":"closed","template":"","meta":[],"product_brand":[],"product_cat":[77],"product_tag":[233,231,246,245,237,243,232,118,234,244],"class_list":{"0":"post-6755","1":"product","2":"type-product","3":"status-publish","4":"has-post-thumbnail","6":"product_cat-kaufen-hhc-vapes-premium-einweg-vape-pen-online","7":"product_tag-2g-vape","8":"product_tag-boutiq-switch-v4","9":"product_tag-cannabis-extrakte-kaufen","10":"product_tag-cherry-gas","11":"product_tag-dual-tank-vape","12":"product_tag-gummy-smile","13":"product_tag-live-resin","14":"product_tag-pure-thc-shop","15":"product_tag-thc-einweg-vape","16":"product_tag-white-gummy","18":"first","19":"instock","20":"shipping-taxable","21":"purchasable","22":"product-type-simple"},"yoast_head":"<!-- This site is optimized with the Yoast SEO Premium plugin v26.1 (Yoast SEO v27.6) - https:\/\/yoast.com\/product\/yoast-seo-premium-wordpress\/ -->\n<title>Boutiq Switch V4 kaufen | 2G White Gummy Vape | Pure THC Shop<\/title>\n<meta name=\"description\" content=\"Jetzt Boutiq Switch V4 kaufen. 2G Live Resin mit White Gummy Aroma f\u00fcr tiefe Entspannung diskret online bestellen.\" \/>\n<meta name=\"robots\" content=\"index, follow, max-snippet:-1, max-image-preview:large, max-video-preview:-1\" \/>\n<link rel=\"canonical\" href=\"https:\/\/purethcshop.de\/en\/product\/boutiq-switch-v4-kaufen-2g-white-gummy-vape-pure-thc-shop\/\" \/>\n<meta property=\"og:locale\" content=\"en_US\" \/>\n<meta property=\"og:type\" content=\"article\" \/>\n<meta property=\"og:title\" content=\"Boutiq Switch V4 | Cherry Gas x White Gummy | 2G Dual Tank Einweg Vape\" \/>\n<meta property=\"og:description\" content=\"Jetzt Boutiq Switch V4 kaufen. 2G Live Resin mit White Gummy Aroma f\u00fcr tiefe Entspannung diskret online bestellen.\" \/>\n<meta property=\"og:url\" content=\"https:\/\/purethcshop.de\/en\/product\/boutiq-switch-v4-kaufen-2g-white-gummy-vape-pure-thc-shop\/\" \/>\n<meta property=\"og:site_name\" content=\"Pure THC Shop\" \/>\n<meta property=\"article:modified_time\" content=\"2026-04-14T13:20:07+00:00\" \/>\n<meta property=\"og:image\" content=\"https:\/\/purethcshop.de\/wp-content\/uploads\/2026\/04\/A7_CHERRYGASWHITEGUMMY_AIO-6.png\" \/>\n\t<meta property=\"og:image:width\" content=\"300\" \/>\n\t<meta property=\"og:image:height\" content=\"300\" \/>\n\t<meta property=\"og:image:type\" content=\"image\/png\" \/>\n<meta name=\"twitter:card\" content=\"summary_large_image\" \/>\n<meta name=\"twitter:label1\" content=\"Est. reading time\" \/>\n\t<meta name=\"twitter:data1\" content=\"3 minutes\" \/>\n<script type=\"application\/ld+json\" class=\"yoast-schema-graph\">{\"@context\":\"https:\\\/\\\/schema.org\",\"@graph\":[{\"@type\":\"WebPage\",\"@id\":\"https:\\\/\\\/purethcshop.de\\\/product\\\/boutiq-switch-v4-kaufen-2g-white-gummy-vape-pure-thc-shop\\\/\",\"url\":\"https:\\\/\\\/purethcshop.de\\\/product\\\/boutiq-switch-v4-kaufen-2g-white-gummy-vape-pure-thc-shop\\\/\",\"name\":\"Boutiq Switch V4 kaufen | 2G White Gummy Vape | Pure THC Shop\",\"isPartOf\":{\"@id\":\"https:\\\/\\\/purethcshop.de\\\/#website\"},\"primaryImageOfPage\":{\"@id\":\"https:\\\/\\\/purethcshop.de\\\/product\\\/boutiq-switch-v4-kaufen-2g-white-gummy-vape-pure-thc-shop\\\/#primaryimage\"},\"image\":{\"@id\":\"https:\\\/\\\/purethcshop.de\\\/product\\\/boutiq-switch-v4-kaufen-2g-white-gummy-vape-pure-thc-shop\\\/#primaryimage\"},\"thumbnailUrl\":\"https:\\\/\\\/purethcshop.de\\\/wp-content\\\/uploads\\\/2026\\\/04\\\/A7_CHERRYGASWHITEGUMMY_AIO-6.png\",\"datePublished\":\"2026-04-06T22:42:32+00:00\",\"dateModified\":\"2026-04-14T13:20:07+00:00\",\"description\":\"Jetzt Boutiq Switch V4 kaufen. 2G Live Resin mit White Gummy Aroma f\u00fcr tiefe Entspannung diskret online bestellen.\",\"breadcrumb\":{\"@id\":\"https:\\\/\\\/purethcshop.de\\\/product\\\/boutiq-switch-v4-kaufen-2g-white-gummy-vape-pure-thc-shop\\\/#breadcrumb\"},\"inLanguage\":\"en-US\",\"potentialAction\":[{\"@type\":\"ReadAction\",\"target\":[\"https:\\\/\\\/purethcshop.de\\\/product\\\/boutiq-switch-v4-kaufen-2g-white-gummy-vape-pure-thc-shop\\\/\"]}]},{\"@type\":\"ImageObject\",\"inLanguage\":\"en-US\",\"@id\":\"https:\\\/\\\/purethcshop.de\\\/product\\\/boutiq-switch-v4-kaufen-2g-white-gummy-vape-pure-thc-shop\\\/#primaryimage\",\"url\":\"https:\\\/\\\/purethcshop.de\\\/wp-content\\\/uploads\\\/2026\\\/04\\\/A7_CHERRYGASWHITEGUMMY_AIO-6.png\",\"contentUrl\":\"https:\\\/\\\/purethcshop.de\\\/wp-content\\\/uploads\\\/2026\\\/04\\\/A7_CHERRYGASWHITEGUMMY_AIO-6.png\",\"width\":300,\"height\":300},{\"@type\":\"BreadcrumbList\",\"@id\":\"https:\\\/\\\/purethcshop.de\\\/product\\\/boutiq-switch-v4-kaufen-2g-white-gummy-vape-pure-thc-shop\\\/#breadcrumb\",\"itemListElement\":[{\"@type\":\"ListItem\",\"position\":1,\"name\":\"Home\",\"item\":\"https:\\\/\\\/purethcshop.de\\\/\"},{\"@type\":\"ListItem\",\"position\":2,\"name\":\"der Laden\",\"item\":\"https:\\\/\\\/purethcshop.de\\\/shop\\\/\"},{\"@type\":\"ListItem\",\"position\":3,\"name\":\"Boutiq Switch V4 | Cherry Gas x White Gummy | 2G Dual Tank Einweg Vape\"}]},{\"@type\":\"WebSite\",\"@id\":\"https:\\\/\\\/purethcshop.de\\\/#website\",\"url\":\"https:\\\/\\\/purethcshop.de\\\/\",\"name\":\"Pure THC Shop\",\"description\":\"Where Quality THC Meets Trust\",\"publisher\":{\"@id\":\"https:\\\/\\\/purethcshop.de\\\/#organization\"},\"alternateName\":\"HighLife THC Store\",\"potentialAction\":[{\"@type\":\"SearchAction\",\"target\":{\"@type\":\"EntryPoint\",\"urlTemplate\":\"https:\\\/\\\/purethcshop.de\\\/?s={search_term_string}\"},\"query-input\":{\"@type\":\"PropertyValueSpecification\",\"valueRequired\":true,\"valueName\":\"search_term_string\"}}],\"inLanguage\":\"en-US\"},{\"@type\":\"Organization\",\"@id\":\"https:\\\/\\\/purethcshop.de\\\/#organization\",\"name\":\"Pure THC Shop\",\"url\":\"https:\\\/\\\/purethcshop.de\\\/\",\"logo\":{\"@type\":\"ImageObject\",\"inLanguage\":\"en-US\",\"@id\":\"https:\\\/\\\/purethcshop.de\\\/#\\\/schema\\\/logo\\\/image\\\/\",\"url\":\"https:\\\/\\\/purethcshop.de\\\/wp-content\\\/uploads\\\/2026\\\/03\\\/logo.webp.jpg\",\"contentUrl\":\"https:\\\/\\\/purethcshop.de\\\/wp-content\\\/uploads\\\/2026\\\/03\\\/logo.webp.jpg\",\"width\":1280,\"height\":455,\"caption\":\"Pure THC Shop\"},\"image\":{\"@id\":\"https:\\\/\\\/purethcshop.de\\\/#\\\/schema\\\/logo\\\/image\\\/\"}}]}<\/script>\n<!-- \/ Yoast SEO Premium plugin. -->","yoast_head_json":{"title":"Boutiq Switch V4 kaufen | 2G White Gummy Vape | Pure THC Shop","description":"Jetzt Boutiq Switch V4 kaufen. 2G Live Resin mit White Gummy Aroma f\u00fcr tiefe Entspannung diskret online bestellen.","robots":{"index":"index","follow":"follow","max-snippet":"max-snippet:-1","max-image-preview":"max-image-preview:large","max-video-preview":"max-video-preview:-1"},"canonical":"https:\/\/purethcshop.de\/en\/product\/boutiq-switch-v4-kaufen-2g-white-gummy-vape-pure-thc-shop\/","og_locale":"en_US","og_type":"article","og_title":"Boutiq Switch V4 | Cherry Gas x White Gummy | 2G Dual Tank Einweg Vape","og_description":"Jetzt Boutiq Switch V4 kaufen. 2G Live Resin mit White Gummy Aroma f\u00fcr tiefe Entspannung diskret online bestellen.","og_url":"https:\/\/purethcshop.de\/en\/product\/boutiq-switch-v4-kaufen-2g-white-gummy-vape-pure-thc-shop\/","og_site_name":"Pure THC Shop","article_modified_time":"2026-04-14T13:20:07+00:00","og_image":[{"width":300,"height":300,"url":"https:\/\/purethcshop.de\/wp-content\/uploads\/2026\/04\/A7_CHERRYGASWHITEGUMMY_AIO-6.png","type":"image\/png"}],"twitter_card":"summary_large_image","twitter_misc":{"Est. reading time":"3 minutes"},"schema":{"@context":"https:\/\/schema.org","@graph":[{"@type":"WebPage","@id":"https:\/\/purethcshop.de\/product\/boutiq-switch-v4-kaufen-2g-white-gummy-vape-pure-thc-shop\/","url":"https:\/\/purethcshop.de\/product\/boutiq-switch-v4-kaufen-2g-white-gummy-vape-pure-thc-shop\/","name":"Boutiq Switch V4 kaufen | 2G White Gummy Vape | Pure THC Shop","isPartOf":{"@id":"https:\/\/purethcshop.de\/#website"},"primaryImageOfPage":{"@id":"https:\/\/purethcshop.de\/product\/boutiq-switch-v4-kaufen-2g-white-gummy-vape-pure-thc-shop\/#primaryimage"},"image":{"@id":"https:\/\/purethcshop.de\/product\/boutiq-switch-v4-kaufen-2g-white-gummy-vape-pure-thc-shop\/#primaryimage"},"thumbnailUrl":"https:\/\/purethcshop.de\/wp-content\/uploads\/2026\/04\/A7_CHERRYGASWHITEGUMMY_AIO-6.png","datePublished":"2026-04-06T22:42:32+00:00","dateModified":"2026-04-14T13:20:07+00:00","description":"Jetzt Boutiq Switch V4 kaufen. 2G Live Resin mit White Gummy Aroma f\u00fcr tiefe Entspannung diskret online bestellen.","breadcrumb":{"@id":"https:\/\/purethcshop.de\/product\/boutiq-switch-v4-kaufen-2g-white-gummy-vape-pure-thc-shop\/#breadcrumb"},"inLanguage":"en-US","potentialAction":[{"@type":"ReadAction","target":["https:\/\/purethcshop.de\/product\/boutiq-switch-v4-kaufen-2g-white-gummy-vape-pure-thc-shop\/"]}]},{"@type":"ImageObject","inLanguage":"en-US","@id":"https:\/\/purethcshop.de\/product\/boutiq-switch-v4-kaufen-2g-white-gummy-vape-pure-thc-shop\/#primaryimage","url":"https:\/\/purethcshop.de\/wp-content\/uploads\/2026\/04\/A7_CHERRYGASWHITEGUMMY_AIO-6.png","contentUrl":"https:\/\/purethcshop.de\/wp-content\/uploads\/2026\/04\/A7_CHERRYGASWHITEGUMMY_AIO-6.png","width":300,"height":300},{"@type":"BreadcrumbList","@id":"https:\/\/purethcshop.de\/product\/boutiq-switch-v4-kaufen-2g-white-gummy-vape-pure-thc-shop\/#breadcrumb","itemListElement":[{"@type":"ListItem","position":1,"name":"Home","item":"https:\/\/purethcshop.de\/"},{"@type":"ListItem","position":2,"name":"der Laden","item":"https:\/\/purethcshop.de\/shop\/"},{"@type":"ListItem","position":3,"name":"Boutiq Switch V4 | Cherry Gas x White Gummy | 2G Dual Tank Einweg Vape"}]},{"@type":"WebSite","@id":"https:\/\/purethcshop.de\/#website","url":"https:\/\/purethcshop.de\/","name":"Pure THC Shop","description":"Where Quality THC Meets Trust","publisher":{"@id":"https:\/\/purethcshop.de\/#organization"},"alternateName":"HighLife THC Store","potentialAction":[{"@type":"SearchAction","target":{"@type":"EntryPoint","urlTemplate":"https:\/\/purethcshop.de\/?s={search_term_string}"},"query-input":{"@type":"PropertyValueSpecification","valueRequired":true,"valueName":"search_term_string"}}],"inLanguage":"en-US"},{"@type":"Organization","@id":"https:\/\/purethcshop.de\/#organization","name":"Pure THC Shop","url":"https:\/\/purethcshop.de\/","logo":{"@type":"ImageObject","inLanguage":"en-US","@id":"https:\/\/purethcshop.de\/#\/schema\/logo\/image\/","url":"https:\/\/purethcshop.de\/wp-content\/uploads\/2026\/03\/logo.webp.jpg","contentUrl":"https:\/\/purethcshop.de\/wp-content\/uploads\/2026\/03\/logo.webp.jpg","width":1280,"height":455,"caption":"Pure THC Shop"},"image":{"@id":"https:\/\/purethcshop.de\/#\/schema\/logo\/image\/"}}]}},"jetpack_sharing_enabled":true,"_links":{"self":[{"href":"https:\/\/purethcshop.de\/en\/wp-json\/wp\/v2\/product\/6755","targetHints":{"allow":["GET"]}}],"collection":[{"href":"https:\/\/purethcshop.de\/en\/wp-json\/wp\/v2\/product"}],"about":[{"href":"https:\/\/purethcshop.de\/en\/wp-json\/wp\/v2\/types\/product"}],"replies":[{"embeddable":true,"href":"https:\/\/purethcshop.de\/en\/wp-json\/wp\/v2\/comments?post=6755"}],"wp:featuredmedia":[{"embeddable":true,"href":"https:\/\/purethcshop.de\/en\/wp-json\/wp\/v2\/media\/6756"}],"wp:attachment":[{"href":"https:\/\/purethcshop.de\/en\/wp-json\/wp\/v2\/media?parent=6755"}],"wp:term":[{"taxonomy":"product_brand","embeddable":true,"href":"https:\/\/purethcshop.de\/en\/wp-json\/wp\/v2\/product_brand?post=6755"},{"taxonomy":"product_cat","embeddable":true,"href":"https:\/\/purethcshop.de\/en\/wp-json\/wp\/v2\/product_cat?post=6755"},{"taxonomy":"product_tag","embeddable":true,"href":"https:\/\/purethcshop.de\/en\/wp-json\/wp\/v2\/product_tag?post=6755"}],"curies":[{"name":"wp","href":"https:\/\/api.w.org\/{rel}","templated":true}]}}