{"id":6578,"date":"2026-04-06T07:55:25","date_gmt":"2026-04-06T07:55:25","guid":{"rendered":"https:\/\/purethcshop.de\/?post_type=product&#038;p=6578"},"modified":"2026-05-14T23:19:59","modified_gmt":"2026-05-14T23:19:59","slug":"apple-fritter-kaufen-50-50-hybrid-premium-bluten-pure-thc-shop","status":"publish","type":"product","link":"https:\/\/purethcshop.de\/en\/product\/apple-fritter-kaufen-50-50-hybrid-premium-bluten-pure-thc-shop\/","title":{"rendered":"Apple Fritter"},"content":{"rendered":"<h3 data-path-to-node=\"5\">Produktbeschreibung: Apple Fritter \u2013 Die perfekte Balance aus Kraft und Aroma<\/h3>\n<p data-path-to-node=\"6\"><b data-path-to-node=\"6\" data-index-in-node=\"0\">Apple Fritter<\/b> ist ein echtes Schwergewicht unter den Hybriden und bereichert ab sofort das Sortiment im <a class=\"ng-star-inserted\" href=\"https:\/\/purethcshop.de\/en\/shop\/\" target=\"_blank\" rel=\"noopener\" data-hveid=\"0\" data-ved=\"0CAAQ_4QMahgKEwj_wpXxxvCTAxUAAAAAHQAAAAAQggE\">Shop<\/a>. Diese preisgekr\u00f6nte Sorte bietet Ihnen eine exakt ausgewogene Genetik aus 50 % Indica sowie 50 % Sativa. Zudem genie\u00dft sie weltweiten Ruhm f\u00fcr ihre brachiale Potenz, welche sie mit einem Aroma kombiniert, das direkt aus einer Edel-Konditorei stammen k\u00f6nnte. Zuerst einmal bemerken Sie beim \u00d6ffnen der Verpackung die s\u00fc\u00dfen Noten von Apfelkuchen und K\u00e4segeb\u00e4ck. W\u00e4hrend viele Einsteiger unser klassisches <a class=\"ng-star-inserted\" href=\"https:\/\/purethcshop.de\/en\/product-category\/grass\/\" target=\"_blank\" rel=\"noopener\" data-hveid=\"0\" data-ved=\"0CAAQ_4QMahgKEwj_wpXxxvCTAxUAAAAAHQAAAAAQgwE\">Grass<\/a> w\u00e4hlen, greifen erfahrene Kenner aufgrund des komplexen Profils bevorzugt zu dieser Sorte. Da wir h\u00f6chste Qualit\u00e4tsstandards anlegen, erhalten Sie bei uns nur perfekt getrocknete Bl\u00fcten. Falls Sie Fragen zur Wirkung haben, erreichen Sie uns jederzeit \u00fcber unsere <a class=\"ng-star-inserted\" href=\"https:\/\/purethcshop.de\/en\/contact\/\" target=\"_blank\" rel=\"noopener\" data-hveid=\"0\" data-ved=\"0CAAQ_4QMahgKEwj_wpXxxvCTAxUAAAAAHQAAAAAQhAE\">Kontaktseite<\/a>. Schauen Sie sich auch unsere <a class=\"ng-star-inserted\" href=\"https:\/\/purethcshop.de\/en\/about-us\/\" target=\"_blank\" rel=\"noopener\" data-hveid=\"0\" data-ved=\"0CAAQ_4QMahgKEwj_wpXxxvCTAxUAAAAAHQAAAAAQhQE\">About Us<\/a> Seite an, um mehr \u00fcber unsere Leidenschaft f\u00fcr erstklassige Strains zu erfahren.<\/p>\n<h3 data-path-to-node=\"7\">Technische Spezifikationen<\/h3>\n<table data-path-to-node=\"8\">\n<thead>\n<tr>\n<td><strong>Merkmal<\/strong><\/td>\n<td><strong>Details<\/strong><\/td>\n<\/tr>\n<\/thead>\n<tbody>\n<tr>\n<td><span data-path-to-node=\"8,1,0,0\"><b data-path-to-node=\"8,1,0,0\" data-index-in-node=\"0\">Genetik<\/b><\/span><\/td>\n<td><span data-path-to-node=\"8,1,1,0\">50% Indica \/ 50% Sativa<\/span><\/td>\n<\/tr>\n<tr>\n<td><span data-path-to-node=\"8,2,0,0\"><b data-path-to-node=\"8,2,0,0\" data-index-in-node=\"0\">Aroma<\/b><\/span><\/td>\n<td><span data-path-to-node=\"8,2,1,0\">S\u00fc\u00df, Apfel, Teig, erdig<\/span><\/td>\n<\/tr>\n<tr>\n<td><span data-path-to-node=\"8,3,0,0\"><b data-path-to-node=\"8,3,0,0\" data-index-in-node=\"0\">THC-Gehalt<\/b><\/span><\/td>\n<td><span data-path-to-node=\"8,3,1,0\">Sehr hoch (bis zu 32%)<\/span><\/td>\n<\/tr>\n<tr>\n<td><span data-path-to-node=\"8,4,0,0\"><b data-path-to-node=\"8,4,0,0\" data-index-in-node=\"0\">Bl\u00fctenstruktur<\/b><\/span><\/td>\n<td><span data-path-to-node=\"8,4,1,0\">Frostig, violette Nuancen, dicht<\/span><\/td>\n<\/tr>\n<tr>\n<td><span data-path-to-node=\"8,5,0,0\"><b data-path-to-node=\"8,5,0,0\" data-index-in-node=\"0\">Wirkung<\/b><\/span><\/td>\n<td><span data-path-to-node=\"8,5,1,0\">Euphorisch, entspannend, kreativ<\/span><\/td>\n<\/tr>\n<\/tbody>\n<\/table>\n<hr data-path-to-node=\"9\" \/>\n<h3 data-path-to-node=\"10\">Zusammenfassung<\/h3>\n<p data-path-to-node=\"11\">Apple Fritter gilt als eine der potentesten Sorten auf dem modernen Markt, da sie sowohl den Geist anregt als auch den K\u00f6rper sanft entspannt. Folglich sch\u00e4tzen Konsumenten diese Sorte besonders f\u00fcr gesellige Abende oder kreative Projekte, bei denen eine starke, aber ausgewogene Wirkung im Vordergrund steht. Zudem \u00fcberzeugt das Terpenprofil selbst kritische Feinschmecker, weil es s\u00fc\u00dfe Fruchtnuancen mit einer w\u00fcrzigen Tiefe vereint.<\/p>\n<p data-path-to-node=\"12\">Dar\u00fcber hinaus bietet der Pure THC Shop diesen High-End-Strain in einer Qualit\u00e4t an, die keine W\u00fcnsche offen l\u00e4sst. Wer jedoch eine diskretere Methode f\u00fcr den schnellen Genuss bevorzugt, findet in unseren <a class=\"ng-star-inserted\" href=\"https:\/\/purethcshop.de\/en\/product-category\/einweg-vapes\/\" target=\"_blank\" rel=\"noopener\" data-hveid=\"0\" data-ved=\"0CAAQ_4QMahgKEwj_wpXxxvCTAxUAAAAAHQAAAAAQiQE\">Einweg Vapes<\/a> eine hervorragende Alternative. Falls Sie nach noch intensiveren Erlebnissen suchen, empfehlen wir zudem unsere hochreinen <a class=\"ng-star-inserted\" href=\"https:\/\/purethcshop.de\/en\/product-category\/konzentrate\/\" target=\"_blank\" rel=\"noopener\" data-hveid=\"0\" data-ved=\"0CAAQ_4QMahgKEwj_wpXxxvCTAxUAAAAAHQAAAAAQigE\">Konzentrate<\/a>. Wer es lieber s\u00fc\u00df und rauchfrei mag, sollte sich au\u00dferdem unsere <a class=\"ng-star-inserted\" href=\"https:\/\/purethcshop.de\/en\/product-category\/esswaren\/\" target=\"_blank\" rel=\"noopener\" data-hveid=\"0\" data-ved=\"0CAAQ_4QMahgKEwj_wpXxxvCTAxUAAAAAHQAAAAAQiwE\">Esswaren<\/a> ansehen, die das Angebot perfekt abrunden.<\/p>","protected":false},"excerpt":{"rendered":"<p>Produktbeschreibung: Apple Fritter \u2013 Die perfekte Balance aus Kraft und Aroma Apple Fritter ist ein echtes Schwergewicht unter den Hybriden und bereichert ab sofort das Sortiment im Shop. Diese preisgekr\u00f6nte Sorte bietet Ihnen eine exakt ausgewogene Genetik aus 50 % Indica sowie 50 % Sativa. Zudem genie\u00dft sie weltweiten Ruhm f\u00fcr ihre brachiale Potenz, welche [&hellip;]<\/p>\n","protected":false},"featured_media":6579,"comment_status":"open","ping_status":"closed","template":"","meta":[],"product_brand":[],"product_cat":[75],"product_tag":[],"class_list":{"0":"post-6578","1":"product","2":"type-product","3":"status-publish","4":"has-post-thumbnail","6":"product_cat-buy-weed-online-premium-cannabis-thc-bluten-sicher-kaufen","8":"first","9":"instock","10":"shipping-taxable","11":"purchasable","12":"product-type-variable"},"yoast_head":"<!-- This site is optimized with the Yoast SEO Premium plugin v26.1 (Yoast SEO v27.6) - https:\/\/yoast.com\/product\/yoast-seo-premium-wordpress\/ -->\n<title>Apple Fritter kaufen | 50\/50 Hybrid Premium Bl\u00fcten | Pure THC Shop<\/title>\n<meta name=\"description\" content=\"Jetzt Apple Fritter kaufen. Erlebe die perfekte Balance aus Potenz und Apfel-Aroma diskret online im Pure THC Shop.\" \/>\n<meta name=\"robots\" content=\"index, follow, max-snippet:-1, max-image-preview:large, max-video-preview:-1\" \/>\n<link rel=\"canonical\" href=\"https:\/\/purethcshop.de\/en\/product\/apple-fritter-kaufen-50-50-hybrid-premium-bluten-pure-thc-shop\/\" \/>\n<meta property=\"og:locale\" content=\"en_US\" \/>\n<meta property=\"og:type\" content=\"article\" \/>\n<meta property=\"og:title\" content=\"Apple Fritter\" \/>\n<meta property=\"og:description\" content=\"Jetzt Apple Fritter kaufen. Erlebe die perfekte Balance aus Potenz und Apfel-Aroma diskret online im Pure THC Shop.\" \/>\n<meta property=\"og:url\" content=\"https:\/\/purethcshop.de\/en\/product\/apple-fritter-kaufen-50-50-hybrid-premium-bluten-pure-thc-shop\/\" \/>\n<meta property=\"og:site_name\" content=\"Pure THC Shop\" \/>\n<meta property=\"article:modified_time\" content=\"2026-05-14T23:19:59+00:00\" \/>\n<meta property=\"og:image\" content=\"https:\/\/purethcshop.de\/wp-content\/uploads\/2026\/04\/apple-fritter-bud-picture-300x167-1.webp\" \/>\n\t<meta property=\"og:image:width\" content=\"300\" \/>\n\t<meta property=\"og:image:height\" content=\"167\" \/>\n\t<meta property=\"og:image:type\" content=\"image\/webp\" \/>\n<meta name=\"twitter:card\" content=\"summary_large_image\" \/>\n<meta name=\"twitter:label1\" content=\"Est. reading time\" \/>\n\t<meta name=\"twitter:data1\" content=\"2 minutes\" \/>\n<script type=\"application\/ld+json\" class=\"yoast-schema-graph\">{\"@context\":\"https:\\\/\\\/schema.org\",\"@graph\":[{\"@type\":\"WebPage\",\"@id\":\"https:\\\/\\\/purethcshop.de\\\/product\\\/apple-fritter-kaufen-50-50-hybrid-premium-bluten-pure-thc-shop\\\/\",\"url\":\"https:\\\/\\\/purethcshop.de\\\/product\\\/apple-fritter-kaufen-50-50-hybrid-premium-bluten-pure-thc-shop\\\/\",\"name\":\"Apple Fritter kaufen | 50\\\/50 Hybrid Premium Bl\u00fcten | Pure THC Shop\",\"isPartOf\":{\"@id\":\"https:\\\/\\\/purethcshop.de\\\/#website\"},\"primaryImageOfPage\":{\"@id\":\"https:\\\/\\\/purethcshop.de\\\/product\\\/apple-fritter-kaufen-50-50-hybrid-premium-bluten-pure-thc-shop\\\/#primaryimage\"},\"image\":{\"@id\":\"https:\\\/\\\/purethcshop.de\\\/product\\\/apple-fritter-kaufen-50-50-hybrid-premium-bluten-pure-thc-shop\\\/#primaryimage\"},\"thumbnailUrl\":\"https:\\\/\\\/purethcshop.de\\\/wp-content\\\/uploads\\\/2026\\\/04\\\/apple-fritter-bud-picture-300x167-1.webp\",\"datePublished\":\"2026-04-06T07:55:25+00:00\",\"dateModified\":\"2026-05-14T23:19:59+00:00\",\"description\":\"Jetzt Apple Fritter kaufen. Erlebe die perfekte Balance aus Potenz und Apfel-Aroma diskret online im Pure THC Shop.\",\"breadcrumb\":{\"@id\":\"https:\\\/\\\/purethcshop.de\\\/product\\\/apple-fritter-kaufen-50-50-hybrid-premium-bluten-pure-thc-shop\\\/#breadcrumb\"},\"inLanguage\":\"en-US\",\"potentialAction\":[{\"@type\":\"ReadAction\",\"target\":[\"https:\\\/\\\/purethcshop.de\\\/product\\\/apple-fritter-kaufen-50-50-hybrid-premium-bluten-pure-thc-shop\\\/\"]}]},{\"@type\":\"ImageObject\",\"inLanguage\":\"en-US\",\"@id\":\"https:\\\/\\\/purethcshop.de\\\/product\\\/apple-fritter-kaufen-50-50-hybrid-premium-bluten-pure-thc-shop\\\/#primaryimage\",\"url\":\"https:\\\/\\\/purethcshop.de\\\/wp-content\\\/uploads\\\/2026\\\/04\\\/apple-fritter-bud-picture-300x167-1.webp\",\"contentUrl\":\"https:\\\/\\\/purethcshop.de\\\/wp-content\\\/uploads\\\/2026\\\/04\\\/apple-fritter-bud-picture-300x167-1.webp\",\"width\":300,\"height\":167},{\"@type\":\"BreadcrumbList\",\"@id\":\"https:\\\/\\\/purethcshop.de\\\/product\\\/apple-fritter-kaufen-50-50-hybrid-premium-bluten-pure-thc-shop\\\/#breadcrumb\",\"itemListElement\":[{\"@type\":\"ListItem\",\"position\":1,\"name\":\"Home\",\"item\":\"https:\\\/\\\/purethcshop.de\\\/\"},{\"@type\":\"ListItem\",\"position\":2,\"name\":\"der Laden\",\"item\":\"https:\\\/\\\/purethcshop.de\\\/shop\\\/\"},{\"@type\":\"ListItem\",\"position\":3,\"name\":\"Apple Fritter\"}]},{\"@type\":\"WebSite\",\"@id\":\"https:\\\/\\\/purethcshop.de\\\/#website\",\"url\":\"https:\\\/\\\/purethcshop.de\\\/\",\"name\":\"Pure THC Shop\",\"description\":\"Where Quality THC Meets Trust\",\"publisher\":{\"@id\":\"https:\\\/\\\/purethcshop.de\\\/#organization\"},\"alternateName\":\"HighLife THC Store\",\"potentialAction\":[{\"@type\":\"SearchAction\",\"target\":{\"@type\":\"EntryPoint\",\"urlTemplate\":\"https:\\\/\\\/purethcshop.de\\\/?s={search_term_string}\"},\"query-input\":{\"@type\":\"PropertyValueSpecification\",\"valueRequired\":true,\"valueName\":\"search_term_string\"}}],\"inLanguage\":\"en-US\"},{\"@type\":\"Organization\",\"@id\":\"https:\\\/\\\/purethcshop.de\\\/#organization\",\"name\":\"Pure THC Shop\",\"url\":\"https:\\\/\\\/purethcshop.de\\\/\",\"logo\":{\"@type\":\"ImageObject\",\"inLanguage\":\"en-US\",\"@id\":\"https:\\\/\\\/purethcshop.de\\\/#\\\/schema\\\/logo\\\/image\\\/\",\"url\":\"https:\\\/\\\/purethcshop.de\\\/wp-content\\\/uploads\\\/2026\\\/03\\\/logo.webp.jpg\",\"contentUrl\":\"https:\\\/\\\/purethcshop.de\\\/wp-content\\\/uploads\\\/2026\\\/03\\\/logo.webp.jpg\",\"width\":1280,\"height\":455,\"caption\":\"Pure THC Shop\"},\"image\":{\"@id\":\"https:\\\/\\\/purethcshop.de\\\/#\\\/schema\\\/logo\\\/image\\\/\"}}]}<\/script>\n<!-- \/ Yoast SEO Premium plugin. -->","yoast_head_json":{"title":"Apple Fritter kaufen | 50\/50 Hybrid Premium Bl\u00fcten | Pure THC Shop","description":"Jetzt Apple Fritter kaufen. Erlebe die perfekte Balance aus Potenz und Apfel-Aroma diskret online im Pure THC Shop.","robots":{"index":"index","follow":"follow","max-snippet":"max-snippet:-1","max-image-preview":"max-image-preview:large","max-video-preview":"max-video-preview:-1"},"canonical":"https:\/\/purethcshop.de\/en\/product\/apple-fritter-kaufen-50-50-hybrid-premium-bluten-pure-thc-shop\/","og_locale":"en_US","og_type":"article","og_title":"Apple Fritter","og_description":"Jetzt Apple Fritter kaufen. Erlebe die perfekte Balance aus Potenz und Apfel-Aroma diskret online im Pure THC Shop.","og_url":"https:\/\/purethcshop.de\/en\/product\/apple-fritter-kaufen-50-50-hybrid-premium-bluten-pure-thc-shop\/","og_site_name":"Pure THC Shop","article_modified_time":"2026-05-14T23:19:59+00:00","og_image":[{"width":300,"height":167,"url":"https:\/\/purethcshop.de\/wp-content\/uploads\/2026\/04\/apple-fritter-bud-picture-300x167-1.webp","type":"image\/webp"}],"twitter_card":"summary_large_image","twitter_misc":{"Est. reading time":"2 minutes"},"schema":{"@context":"https:\/\/schema.org","@graph":[{"@type":"WebPage","@id":"https:\/\/purethcshop.de\/product\/apple-fritter-kaufen-50-50-hybrid-premium-bluten-pure-thc-shop\/","url":"https:\/\/purethcshop.de\/product\/apple-fritter-kaufen-50-50-hybrid-premium-bluten-pure-thc-shop\/","name":"Apple Fritter kaufen | 50\/50 Hybrid Premium Bl\u00fcten | Pure THC Shop","isPartOf":{"@id":"https:\/\/purethcshop.de\/#website"},"primaryImageOfPage":{"@id":"https:\/\/purethcshop.de\/product\/apple-fritter-kaufen-50-50-hybrid-premium-bluten-pure-thc-shop\/#primaryimage"},"image":{"@id":"https:\/\/purethcshop.de\/product\/apple-fritter-kaufen-50-50-hybrid-premium-bluten-pure-thc-shop\/#primaryimage"},"thumbnailUrl":"https:\/\/purethcshop.de\/wp-content\/uploads\/2026\/04\/apple-fritter-bud-picture-300x167-1.webp","datePublished":"2026-04-06T07:55:25+00:00","dateModified":"2026-05-14T23:19:59+00:00","description":"Jetzt Apple Fritter kaufen. Erlebe die perfekte Balance aus Potenz und Apfel-Aroma diskret online im Pure THC Shop.","breadcrumb":{"@id":"https:\/\/purethcshop.de\/product\/apple-fritter-kaufen-50-50-hybrid-premium-bluten-pure-thc-shop\/#breadcrumb"},"inLanguage":"en-US","potentialAction":[{"@type":"ReadAction","target":["https:\/\/purethcshop.de\/product\/apple-fritter-kaufen-50-50-hybrid-premium-bluten-pure-thc-shop\/"]}]},{"@type":"ImageObject","inLanguage":"en-US","@id":"https:\/\/purethcshop.de\/product\/apple-fritter-kaufen-50-50-hybrid-premium-bluten-pure-thc-shop\/#primaryimage","url":"https:\/\/purethcshop.de\/wp-content\/uploads\/2026\/04\/apple-fritter-bud-picture-300x167-1.webp","contentUrl":"https:\/\/purethcshop.de\/wp-content\/uploads\/2026\/04\/apple-fritter-bud-picture-300x167-1.webp","width":300,"height":167},{"@type":"BreadcrumbList","@id":"https:\/\/purethcshop.de\/product\/apple-fritter-kaufen-50-50-hybrid-premium-bluten-pure-thc-shop\/#breadcrumb","itemListElement":[{"@type":"ListItem","position":1,"name":"Home","item":"https:\/\/purethcshop.de\/"},{"@type":"ListItem","position":2,"name":"der Laden","item":"https:\/\/purethcshop.de\/shop\/"},{"@type":"ListItem","position":3,"name":"Apple Fritter"}]},{"@type":"WebSite","@id":"https:\/\/purethcshop.de\/#website","url":"https:\/\/purethcshop.de\/","name":"Pure THC Shop","description":"Where Quality THC Meets Trust","publisher":{"@id":"https:\/\/purethcshop.de\/#organization"},"alternateName":"HighLife THC Store","potentialAction":[{"@type":"SearchAction","target":{"@type":"EntryPoint","urlTemplate":"https:\/\/purethcshop.de\/?s={search_term_string}"},"query-input":{"@type":"PropertyValueSpecification","valueRequired":true,"valueName":"search_term_string"}}],"inLanguage":"en-US"},{"@type":"Organization","@id":"https:\/\/purethcshop.de\/#organization","name":"Pure THC Shop","url":"https:\/\/purethcshop.de\/","logo":{"@type":"ImageObject","inLanguage":"en-US","@id":"https:\/\/purethcshop.de\/#\/schema\/logo\/image\/","url":"https:\/\/purethcshop.de\/wp-content\/uploads\/2026\/03\/logo.webp.jpg","contentUrl":"https:\/\/purethcshop.de\/wp-content\/uploads\/2026\/03\/logo.webp.jpg","width":1280,"height":455,"caption":"Pure THC Shop"},"image":{"@id":"https:\/\/purethcshop.de\/#\/schema\/logo\/image\/"}}]}},"jetpack_sharing_enabled":true,"_links":{"self":[{"href":"https:\/\/purethcshop.de\/en\/wp-json\/wp\/v2\/product\/6578","targetHints":{"allow":["GET"]}}],"collection":[{"href":"https:\/\/purethcshop.de\/en\/wp-json\/wp\/v2\/product"}],"about":[{"href":"https:\/\/purethcshop.de\/en\/wp-json\/wp\/v2\/types\/product"}],"replies":[{"embeddable":true,"href":"https:\/\/purethcshop.de\/en\/wp-json\/wp\/v2\/comments?post=6578"}],"wp:featuredmedia":[{"embeddable":true,"href":"https:\/\/purethcshop.de\/en\/wp-json\/wp\/v2\/media\/6579"}],"wp:attachment":[{"href":"https:\/\/purethcshop.de\/en\/wp-json\/wp\/v2\/media?parent=6578"}],"wp:term":[{"taxonomy":"product_brand","embeddable":true,"href":"https:\/\/purethcshop.de\/en\/wp-json\/wp\/v2\/product_brand?post=6578"},{"taxonomy":"product_cat","embeddable":true,"href":"https:\/\/purethcshop.de\/en\/wp-json\/wp\/v2\/product_cat?post=6578"},{"taxonomy":"product_tag","embeddable":true,"href":"https:\/\/purethcshop.de\/en\/wp-json\/wp\/v2\/product_tag?post=6578"}],"curies":[{"name":"wp","href":"https:\/\/api.w.org\/{rel}","templated":true}]}}