{"id":6562,"date":"2026-04-06T07:49:57","date_gmt":"2026-04-06T07:49:57","guid":{"rendered":"https:\/\/purethcshop.de\/?post_type=product&#038;p=6562"},"modified":"2026-04-06T07:49:57","modified_gmt":"2026-04-06T07:49:57","slug":"ak-47","status":"publish","type":"product","link":"https:\/\/purethcshop.de\/en\/product\/ak-47\/","title":{"rendered":"AK-47"},"content":{"rendered":"<p>AK-47 ist eine vielfach ausgezeichnete, sativadominierte Hybrid-Sorte (90\/10), die f\u00fcr ihre ausgewogene Kombination aus starker Wirkung und sanfter Entspannung bekannt ist. Trotz ihres intensiven Namens \u00fcberzeugt diese Sorte mit einem angenehmen, langanhaltenden High und vielseitigen Einsatzm\u00f6glichkeiten.<\/p>","protected":false},"excerpt":{"rendered":"<p>AK-47 ist eine vielfach ausgezeichnete, sativadominierte Hybrid-Sorte (90\/10), die f\u00fcr ihre ausgewogene Kombination aus starker Wirkung und sanfter Entspannung bekannt ist. Trotz ihres intensiven Namens \u00fcberzeugt diese Sorte mit einem angenehmen, langanhaltenden High und vielseitigen Einsatzm\u00f6glichkeiten.<\/p>","protected":false},"featured_media":6564,"comment_status":"open","ping_status":"closed","template":"","meta":[],"product_brand":[],"product_cat":[75],"product_tag":[],"class_list":{"0":"post-6562","1":"product","2":"type-product","3":"status-publish","4":"has-post-thumbnail","6":"product_cat-buy-weed-online-premium-cannabis-thc-bluten-sicher-kaufen","8":"first","9":"instock","10":"shipping-taxable","11":"purchasable","12":"product-type-variable"},"yoast_head":"<!-- This site is optimized with the Yoast SEO Premium plugin v26.1 (Yoast SEO v27.6) - https:\/\/yoast.com\/product\/yoast-seo-premium-wordpress\/ -->\n<title>AK-47 &#8211; Pure THC Shop<\/title>\n<meta name=\"robots\" content=\"index, follow, max-snippet:-1, max-image-preview:large, max-video-preview:-1\" \/>\n<link rel=\"canonical\" href=\"https:\/\/purethcshop.de\/en\/product\/ak-47\/\" \/>\n<meta property=\"og:locale\" content=\"en_US\" \/>\n<meta property=\"og:type\" content=\"article\" \/>\n<meta property=\"og:title\" content=\"AK-47\" \/>\n<meta property=\"og:description\" content=\"AK-47 ist eine vielfach ausgezeichnete, sativadominierte Hybrid-Sorte (90\/10), die f\u00fcr ihre ausgewogene Kombination aus starker Wirkung und sanfter Entspannung bekannt ist. Trotz ihres intensiven Namens \u00fcberzeugt diese Sorte mit einem angenehmen, langanhaltenden High und vielseitigen Einsatzm\u00f6glichkeiten.\" \/>\n<meta property=\"og:url\" content=\"https:\/\/purethcshop.de\/en\/product\/ak-47\/\" \/>\n<meta property=\"og:site_name\" content=\"Pure THC Shop\" \/>\n<meta property=\"og:image\" content=\"https:\/\/purethcshop.de\/wp-content\/uploads\/2026\/04\/sativa-dominant-hybrid_1881164230.webp\" \/>\n\t<meta property=\"og:image:width\" content=\"500\" \/>\n\t<meta property=\"og:image:height\" content=\"500\" \/>\n\t<meta property=\"og:image:type\" content=\"image\/webp\" \/>\n<meta name=\"twitter:card\" content=\"summary_large_image\" \/>\n<script type=\"application\/ld+json\" class=\"yoast-schema-graph\">{\"@context\":\"https:\\\/\\\/schema.org\",\"@graph\":[{\"@type\":\"WebPage\",\"@id\":\"https:\\\/\\\/purethcshop.de\\\/product\\\/ak-47\\\/\",\"url\":\"https:\\\/\\\/purethcshop.de\\\/product\\\/ak-47\\\/\",\"name\":\"AK-47 &#8211; Pure THC Shop\",\"isPartOf\":{\"@id\":\"https:\\\/\\\/purethcshop.de\\\/#website\"},\"primaryImageOfPage\":{\"@id\":\"https:\\\/\\\/purethcshop.de\\\/product\\\/ak-47\\\/#primaryimage\"},\"image\":{\"@id\":\"https:\\\/\\\/purethcshop.de\\\/product\\\/ak-47\\\/#primaryimage\"},\"thumbnailUrl\":\"https:\\\/\\\/purethcshop.de\\\/wp-content\\\/uploads\\\/2026\\\/04\\\/sativa-dominant-hybrid_1881164230.webp\",\"datePublished\":\"2026-04-06T07:49:57+00:00\",\"breadcrumb\":{\"@id\":\"https:\\\/\\\/purethcshop.de\\\/product\\\/ak-47\\\/#breadcrumb\"},\"inLanguage\":\"en-US\",\"potentialAction\":[{\"@type\":\"ReadAction\",\"target\":[\"https:\\\/\\\/purethcshop.de\\\/product\\\/ak-47\\\/\"]}]},{\"@type\":\"ImageObject\",\"inLanguage\":\"en-US\",\"@id\":\"https:\\\/\\\/purethcshop.de\\\/product\\\/ak-47\\\/#primaryimage\",\"url\":\"https:\\\/\\\/purethcshop.de\\\/wp-content\\\/uploads\\\/2026\\\/04\\\/sativa-dominant-hybrid_1881164230.webp\",\"contentUrl\":\"https:\\\/\\\/purethcshop.de\\\/wp-content\\\/uploads\\\/2026\\\/04\\\/sativa-dominant-hybrid_1881164230.webp\",\"width\":500,\"height\":500},{\"@type\":\"BreadcrumbList\",\"@id\":\"https:\\\/\\\/purethcshop.de\\\/product\\\/ak-47\\\/#breadcrumb\",\"itemListElement\":[{\"@type\":\"ListItem\",\"position\":1,\"name\":\"Home\",\"item\":\"https:\\\/\\\/purethcshop.de\\\/\"},{\"@type\":\"ListItem\",\"position\":2,\"name\":\"der Laden\",\"item\":\"https:\\\/\\\/purethcshop.de\\\/shop\\\/\"},{\"@type\":\"ListItem\",\"position\":3,\"name\":\"AK-47\"}]},{\"@type\":\"WebSite\",\"@id\":\"https:\\\/\\\/purethcshop.de\\\/#website\",\"url\":\"https:\\\/\\\/purethcshop.de\\\/\",\"name\":\"Pure THC Shop\",\"description\":\"Where Quality THC Meets Trust\",\"publisher\":{\"@id\":\"https:\\\/\\\/purethcshop.de\\\/#organization\"},\"alternateName\":\"HighLife THC Store\",\"potentialAction\":[{\"@type\":\"SearchAction\",\"target\":{\"@type\":\"EntryPoint\",\"urlTemplate\":\"https:\\\/\\\/purethcshop.de\\\/?s={search_term_string}\"},\"query-input\":{\"@type\":\"PropertyValueSpecification\",\"valueRequired\":true,\"valueName\":\"search_term_string\"}}],\"inLanguage\":\"en-US\"},{\"@type\":\"Organization\",\"@id\":\"https:\\\/\\\/purethcshop.de\\\/#organization\",\"name\":\"Pure THC Shop\",\"url\":\"https:\\\/\\\/purethcshop.de\\\/\",\"logo\":{\"@type\":\"ImageObject\",\"inLanguage\":\"en-US\",\"@id\":\"https:\\\/\\\/purethcshop.de\\\/#\\\/schema\\\/logo\\\/image\\\/\",\"url\":\"https:\\\/\\\/purethcshop.de\\\/wp-content\\\/uploads\\\/2026\\\/03\\\/logo.webp.jpg\",\"contentUrl\":\"https:\\\/\\\/purethcshop.de\\\/wp-content\\\/uploads\\\/2026\\\/03\\\/logo.webp.jpg\",\"width\":1280,\"height\":455,\"caption\":\"Pure THC Shop\"},\"image\":{\"@id\":\"https:\\\/\\\/purethcshop.de\\\/#\\\/schema\\\/logo\\\/image\\\/\"}}]}<\/script>\n<!-- \/ Yoast SEO Premium plugin. -->","yoast_head_json":{"title":"AK-47 &#8211; Pure THC Shop","robots":{"index":"index","follow":"follow","max-snippet":"max-snippet:-1","max-image-preview":"max-image-preview:large","max-video-preview":"max-video-preview:-1"},"canonical":"https:\/\/purethcshop.de\/en\/product\/ak-47\/","og_locale":"en_US","og_type":"article","og_title":"AK-47","og_description":"AK-47 ist eine vielfach ausgezeichnete, sativadominierte Hybrid-Sorte (90\/10), die f\u00fcr ihre ausgewogene Kombination aus starker Wirkung und sanfter Entspannung bekannt ist. Trotz ihres intensiven Namens \u00fcberzeugt diese Sorte mit einem angenehmen, langanhaltenden High und vielseitigen Einsatzm\u00f6glichkeiten.","og_url":"https:\/\/purethcshop.de\/en\/product\/ak-47\/","og_site_name":"Pure THC Shop","og_image":[{"width":500,"height":500,"url":"https:\/\/purethcshop.de\/wp-content\/uploads\/2026\/04\/sativa-dominant-hybrid_1881164230.webp","type":"image\/webp"}],"twitter_card":"summary_large_image","schema":{"@context":"https:\/\/schema.org","@graph":[{"@type":"WebPage","@id":"https:\/\/purethcshop.de\/product\/ak-47\/","url":"https:\/\/purethcshop.de\/product\/ak-47\/","name":"AK-47 &#8211; Pure THC Shop","isPartOf":{"@id":"https:\/\/purethcshop.de\/#website"},"primaryImageOfPage":{"@id":"https:\/\/purethcshop.de\/product\/ak-47\/#primaryimage"},"image":{"@id":"https:\/\/purethcshop.de\/product\/ak-47\/#primaryimage"},"thumbnailUrl":"https:\/\/purethcshop.de\/wp-content\/uploads\/2026\/04\/sativa-dominant-hybrid_1881164230.webp","datePublished":"2026-04-06T07:49:57+00:00","breadcrumb":{"@id":"https:\/\/purethcshop.de\/product\/ak-47\/#breadcrumb"},"inLanguage":"en-US","potentialAction":[{"@type":"ReadAction","target":["https:\/\/purethcshop.de\/product\/ak-47\/"]}]},{"@type":"ImageObject","inLanguage":"en-US","@id":"https:\/\/purethcshop.de\/product\/ak-47\/#primaryimage","url":"https:\/\/purethcshop.de\/wp-content\/uploads\/2026\/04\/sativa-dominant-hybrid_1881164230.webp","contentUrl":"https:\/\/purethcshop.de\/wp-content\/uploads\/2026\/04\/sativa-dominant-hybrid_1881164230.webp","width":500,"height":500},{"@type":"BreadcrumbList","@id":"https:\/\/purethcshop.de\/product\/ak-47\/#breadcrumb","itemListElement":[{"@type":"ListItem","position":1,"name":"Home","item":"https:\/\/purethcshop.de\/"},{"@type":"ListItem","position":2,"name":"der Laden","item":"https:\/\/purethcshop.de\/shop\/"},{"@type":"ListItem","position":3,"name":"AK-47"}]},{"@type":"WebSite","@id":"https:\/\/purethcshop.de\/#website","url":"https:\/\/purethcshop.de\/","name":"Pure THC Shop","description":"Where Quality THC Meets Trust","publisher":{"@id":"https:\/\/purethcshop.de\/#organization"},"alternateName":"HighLife THC Store","potentialAction":[{"@type":"SearchAction","target":{"@type":"EntryPoint","urlTemplate":"https:\/\/purethcshop.de\/?s={search_term_string}"},"query-input":{"@type":"PropertyValueSpecification","valueRequired":true,"valueName":"search_term_string"}}],"inLanguage":"en-US"},{"@type":"Organization","@id":"https:\/\/purethcshop.de\/#organization","name":"Pure THC Shop","url":"https:\/\/purethcshop.de\/","logo":{"@type":"ImageObject","inLanguage":"en-US","@id":"https:\/\/purethcshop.de\/#\/schema\/logo\/image\/","url":"https:\/\/purethcshop.de\/wp-content\/uploads\/2026\/03\/logo.webp.jpg","contentUrl":"https:\/\/purethcshop.de\/wp-content\/uploads\/2026\/03\/logo.webp.jpg","width":1280,"height":455,"caption":"Pure THC Shop"},"image":{"@id":"https:\/\/purethcshop.de\/#\/schema\/logo\/image\/"}}]}},"jetpack_sharing_enabled":true,"_links":{"self":[{"href":"https:\/\/purethcshop.de\/en\/wp-json\/wp\/v2\/product\/6562","targetHints":{"allow":["GET"]}}],"collection":[{"href":"https:\/\/purethcshop.de\/en\/wp-json\/wp\/v2\/product"}],"about":[{"href":"https:\/\/purethcshop.de\/en\/wp-json\/wp\/v2\/types\/product"}],"replies":[{"embeddable":true,"href":"https:\/\/purethcshop.de\/en\/wp-json\/wp\/v2\/comments?post=6562"}],"wp:featuredmedia":[{"embeddable":true,"href":"https:\/\/purethcshop.de\/en\/wp-json\/wp\/v2\/media\/6564"}],"wp:attachment":[{"href":"https:\/\/purethcshop.de\/en\/wp-json\/wp\/v2\/media?parent=6562"}],"wp:term":[{"taxonomy":"product_brand","embeddable":true,"href":"https:\/\/purethcshop.de\/en\/wp-json\/wp\/v2\/product_brand?post=6562"},{"taxonomy":"product_cat","embeddable":true,"href":"https:\/\/purethcshop.de\/en\/wp-json\/wp\/v2\/product_cat?post=6562"},{"taxonomy":"product_tag","embeddable":true,"href":"https:\/\/purethcshop.de\/en\/wp-json\/wp\/v2\/product_tag?post=6562"}],"curies":[{"name":"wp","href":"https:\/\/api.w.org\/{rel}","templated":true}]}}