{"id":6553,"date":"2026-04-06T07:21:10","date_gmt":"2026-04-06T07:21:10","guid":{"rendered":"https:\/\/purethcshop.de\/?page_id=6553"},"modified":"2026-04-07T00:18:43","modified_gmt":"2026-04-07T00:18:43","slug":"widerrufsrecht","status":"publish","type":"page","link":"https:\/\/purethcshop.de\/en\/widerrufsrecht\/","title":{"rendered":"Widerrufsrecht"},"content":{"rendered":"<div data-elementor-type=\"wp-page\" data-elementor-id=\"6553\" class=\"elementor elementor-6553\" data-elementor-post-type=\"page\">\n\t\t\t\t<div class=\"elementor-element elementor-element-a59a12c e-flex e-con-boxed e-con e-parent\" data-id=\"a59a12c\" data-element_type=\"container\" data-e-type=\"container\">\n\t\t\t\t\t<div class=\"e-con-inner\">\n\t\t\t\t<div class=\"elementor-element elementor-element-b908dc0 elementor-widget elementor-widget-text-editor\" data-id=\"b908dc0\" data-element_type=\"widget\" data-e-type=\"widget\" data-widget_type=\"text-editor.default\">\n\t\t\t\t<div class=\"elementor-widget-container\">\n\t\t\t\t\t\t\t\t\t<h3 data-start=\"89\" data-end=\"107\"><strong data-start=\"89\" data-end=\"107\">Widerrufsrecht<\/strong><\/h3>\n<h3 data-section-id=\"hzxdp3\" data-start=\"109\" data-end=\"142\">1. Allgemeine Informationen<\/h3>\n<p data-start=\"143\" data-end=\"412\">Verbraucher haben bei Abschluss eines Fernabsatzvertrags grunds\u00e4tzlich ein gesetzliches Widerrufsrecht. Die Einzelheiten ergeben sich aus den nachstehenden Bestimmungen. Ausnahmen sind in Abschnitt (2) geregelt. Ein Muster-Widerrufsformular finden Sie in Abschnitt (3).<\/p>\n<hr data-start=\"414\" data-end=\"417\" \/>\n<h3 data-section-id=\"1sf7f9t\" data-start=\"419\" data-end=\"443\">Widerrufsbelehrung<\/h3>\n<h4 data-start=\"445\" data-end=\"466\">Widerrufsrecht<\/h4>\n<p data-start=\"467\" data-end=\"568\">Sie haben das Recht, binnen vierzehn (14) Tagen ohne Angabe von Gr\u00fcnden diesen Vertrag zu widerrufen.<\/p>\n<p data-start=\"570\" data-end=\"740\">Die Widerrufsfrist betr\u00e4gt 14 Tage ab dem Tag, an dem Sie oder ein von Ihnen benannter Dritter, der nicht der Bef\u00f6rderer ist, die Waren in Besitz genommen haben bzw. hat.<\/p>\n<p data-start=\"742\" data-end=\"803\">Um Ihr Widerrufsrecht auszu\u00fcben, m\u00fcssen Sie uns kontaktieren:<\/p>\n<p data-start=\"805\" data-end=\"886\"><strong data-start=\"805\" data-end=\"822\">Pure THC Shop<\/strong><br data-start=\"822\" data-end=\"825\" \/>E-Mail: <a class=\"decorated-link cursor-pointer\" rel=\"noopener\" data-start=\"833\" data-end=\"856\">sales@purethcshop.de<\/a><\/p>\n<p data-start=\"888\" data-end=\"1148\">mittels einer eindeutigen Erkl\u00e4rung (z. B. per E-Mail oder Nachricht), in der Sie uns \u00fcber Ihren Entschluss informieren, diesen Vertrag zu widerrufen. Sie k\u00f6nnen daf\u00fcr das unten stehende Muster-Widerrufsformular verwenden, dies ist jedoch nicht vorgeschrieben.<\/p>\n<p data-start=\"1150\" data-end=\"1288\">Zur Wahrung der Widerrufsfrist reicht es aus, dass Sie die Mitteilung \u00fcber die Aus\u00fcbung des Widerrufsrechts vor Ablauf der Frist absenden.<\/p>\n<hr data-start=\"1290\" data-end=\"1293\" \/>\n<h3 data-section-id=\"1c28sit\" data-start=\"1295\" data-end=\"1323\">R\u00fccksendungen &amp; Kosten<\/h3>\n<p data-start=\"1324\" data-end=\"1476\">Wenn Sie eine R\u00fccksendung veranlassen m\u00f6chten, kontaktieren Sie bitte zun\u00e4chst unser Support-Team. Wir stellen Ihnen ein R\u00fccksendeetikett zur Verf\u00fcgung.<\/p>\n<ul data-start=\"1478\" data-end=\"1754\">\n<li data-section-id=\"iqsqdu\" data-start=\"1478\" data-end=\"1554\">Eine R\u00fccksendegeb\u00fchr von 5,99 \u20ac wird von Ihrer R\u00fcckerstattung abgezogen.<\/li>\n<li data-section-id=\"b2wxrw\" data-start=\"1555\" data-end=\"1664\">R\u00fccksendungen ohne unser bereitgestelltes R\u00fccksendeetikett k\u00f6nnen nicht bearbeitet oder erstattet werden.<\/li>\n<li data-section-id=\"al04v0\" data-start=\"1665\" data-end=\"1754\">Alle Artikel m\u00fcssen vollst\u00e4ndig und in ordnungsgem\u00e4\u00dfem Zustand zur\u00fcckgesendet werden.<\/li>\n<\/ul>\n<hr data-start=\"1756\" data-end=\"1759\" \/>\n<h3 data-section-id=\"1ik3k3m\" data-start=\"1761\" data-end=\"1787\">Folgen des Widerrufs<\/h3>\n<p data-start=\"1788\" data-end=\"2238\">Wenn Sie diesen Vertrag widerrufen, haben wir Ihnen alle Zahlungen, die wir von Ihnen erhalten haben, einschlie\u00dflich der Standardlieferkosten (mit Ausnahme zus\u00e4tzlicher Kosten, die sich daraus ergeben, dass Sie eine andere Art der Lieferung als die von uns angebotene g\u00fcnstigste Standardlieferung gew\u00e4hlt haben), unverz\u00fcglich und sp\u00e4testens binnen 14 Tagen ab dem Tag zur\u00fcckzuzahlen, an dem die Mitteilung \u00fcber Ihren Widerruf bei uns eingegangen ist.<\/p>\n<p data-start=\"2240\" data-end=\"2502\">F\u00fcr diese R\u00fcckzahlung verwenden wir dasselbe Zahlungsmittel, das Sie bei der urspr\u00fcnglichen Transaktion eingesetzt haben, es sei denn, mit Ihnen wurde ausdr\u00fccklich etwas anderes vereinbart. In keinem Fall werden Ihnen wegen dieser R\u00fcckzahlung Entgelte berechnet.<\/p>\n<p data-start=\"2504\" data-end=\"2718\">Wir k\u00f6nnen die R\u00fcckzahlung verweigern, bis wir die Waren wieder zur\u00fcckerhalten haben oder bis Sie den Nachweis erbracht haben, dass Sie die Waren zur\u00fcckgesandt haben \u2013 je nachdem, welches der fr\u00fchere Zeitpunkt ist.<\/p>\n<p data-start=\"2720\" data-end=\"2908\">Sie sind verpflichtet, die Waren unverz\u00fcglich und in jedem Fall sp\u00e4testens binnen 14 Tagen ab dem Tag, an dem Sie uns \u00fcber den Widerruf dieses Vertrags unterrichten, an uns zur\u00fcckzusenden.<\/p>\n<p data-start=\"2910\" data-end=\"2962\">Sie tragen die unmittelbaren Kosten der R\u00fccksendung.<\/p>\n<p data-start=\"2964\" data-end=\"3184\">Sie m\u00fcssen f\u00fcr einen etwaigen Wertverlust der Waren nur aufkommen, wenn dieser Wertverlust auf einen zur Pr\u00fcfung der Beschaffenheit, Eigenschaften und Funktionsweise der Waren nicht notwendigen Umgang zur\u00fcckzuf\u00fchren ist.<\/p>\n<hr data-start=\"3186\" data-end=\"3189\" \/>\n<h3 data-section-id=\"5ajdm2\" data-start=\"3191\" data-end=\"3230\">2. Ausschluss des Widerrufsrechts<\/h3>\n<p data-start=\"3231\" data-end=\"3284\">Das Widerrufsrecht besteht nicht in folgenden F\u00e4llen:<\/p>\n<ul data-start=\"3286\" data-end=\"3460\">\n<li data-section-id=\"1x3tjqg\" data-start=\"3286\" data-end=\"3460\">Bei versiegelten Waren, die aus Gr\u00fcnden des Gesundheitsschutzes oder der Hygiene nicht zur R\u00fcckgabe geeignet sind, wenn ihre Versiegelung nach der Lieferung entfernt wurde.<\/li>\n<\/ul>\n<hr data-start=\"3462\" data-end=\"3465\" \/>\n<h3 data-section-id=\"19wt3wd\" data-start=\"3467\" data-end=\"3500\">3. Muster-Widerrufsformular<\/h3>\n<p data-start=\"3501\" data-end=\"3612\"><em data-start=\"3501\" data-end=\"3612\">(Wenn Sie den Vertrag widerrufen wollen, dann f\u00fcllen Sie bitte dieses Formular aus und senden Sie es zur\u00fcck.)<\/em><\/p>\n<p data-start=\"3614\" data-end=\"3701\">An:<br data-start=\"3617\" data-end=\"3620\" \/><strong data-start=\"3620\" data-end=\"3637\">Pure THC Shop<\/strong><br data-start=\"3637\" data-end=\"3640\" \/>E-Mail: <a class=\"decorated-link cursor-pointer\" rel=\"noopener\" data-start=\"3648\" data-end=\"3671\">sales@purethcshop.de<\/a><\/p>\n<p data-start=\"3703\" data-end=\"3860\">Hiermit widerrufe(n) ich\/wir (<em data-start=\"3733\" data-end=\"3754\">) den von mir\/uns (<\/em>) abgeschlossenen Vertrag \u00fcber den Kauf der folgenden Waren \/ die Erbringung der folgenden Dienstleistung:<\/p>\n<p data-start=\"3862\" data-end=\"4017\">Bestellt am ( ) \/ erhalten am ( )<br data-start=\"3895\" data-end=\"3898\" \/>Name des\/der Verbraucher(s)<br data-start=\"3925\" data-end=\"3928\" \/>Anschrift des\/der Verbraucher(s)<br data-start=\"3960\" data-end=\"3963\" \/>Unterschrift (nur bei Mitteilung auf Papier)<br data-start=\"4007\" data-end=\"4010\" \/>Datum<\/p>\n<p data-start=\"4019\" data-end=\"4047\">(*) Unzutreffendes streichen<\/p>\t\t\t\t\t\t\t\t<\/div>\n\t\t\t\t<\/div>\n\t\t\t\t\t<\/div>\n\t\t\t\t<\/div>\n\t\t\t\t<\/div>","protected":false},"excerpt":{"rendered":"<p>Widerrufsrecht 1. Allgemeine Informationen Verbraucher haben bei Abschluss eines Fernabsatzvertrags grunds\u00e4tzlich ein gesetzliches Widerrufsrecht. Die Einzelheiten ergeben sich aus den nachstehenden Bestimmungen. Ausnahmen sind in Abschnitt (2) geregelt. Ein Muster-Widerrufsformular finden Sie in Abschnitt (3). Widerrufsbelehrung Widerrufsrecht Sie haben das Recht, binnen vierzehn (14) Tagen ohne Angabe von Gr\u00fcnden diesen Vertrag zu widerrufen. Die Widerrufsfrist [&hellip;]<\/p>\n","protected":false},"author":1,"featured_media":0,"parent":0,"menu_order":0,"comment_status":"closed","ping_status":"closed","template":"elementor_header_footer","meta":{"footnotes":""},"class_list":["post-6553","page","type-page","status-publish","hentry"],"blocksy_meta":[],"yoast_head":"<!-- This site is optimized with the Yoast SEO Premium plugin v26.1 (Yoast SEO v27.6) - https:\/\/yoast.com\/product\/yoast-seo-premium-wordpress\/ -->\n<title>Widerrufsrecht &#8211; Pure THC Shop<\/title>\n<meta name=\"robots\" content=\"index, follow, max-snippet:-1, max-image-preview:large, max-video-preview:-1\" \/>\n<link rel=\"canonical\" href=\"https:\/\/purethcshop.de\/en\/widerrufsrecht\/\" \/>\n<meta property=\"og:locale\" content=\"en_US\" \/>\n<meta property=\"og:type\" content=\"article\" \/>\n<meta property=\"og:title\" content=\"Widerrufsrecht\" \/>\n<meta property=\"og:description\" content=\"Widerrufsrecht 1. Allgemeine Informationen Verbraucher haben bei Abschluss eines Fernabsatzvertrags grunds\u00e4tzlich ein gesetzliches Widerrufsrecht. Die Einzelheiten ergeben sich aus den nachstehenden Bestimmungen. Ausnahmen sind in Abschnitt (2) geregelt. Ein Muster-Widerrufsformular finden Sie in Abschnitt (3). Widerrufsbelehrung Widerrufsrecht Sie haben das Recht, binnen vierzehn (14) Tagen ohne Angabe von Gr\u00fcnden diesen Vertrag zu widerrufen. Die Widerrufsfrist [&hellip;]\" \/>\n<meta property=\"og:url\" content=\"https:\/\/purethcshop.de\/en\/widerrufsrecht\/\" \/>\n<meta property=\"og:site_name\" content=\"Pure THC Shop\" \/>\n<meta property=\"article:modified_time\" content=\"2026-04-07T00:18:43+00:00\" \/>\n<meta property=\"og:image\" content=\"https:\/\/purethcshop.de\/wp-content\/uploads\/2026\/03\/photo_2026-03-21_08-55-14.jpg\" \/>\n\t<meta property=\"og:image:width\" content=\"1280\" \/>\n\t<meta property=\"og:image:height\" content=\"853\" \/>\n\t<meta property=\"og:image:type\" content=\"image\/jpeg\" \/>\n<meta name=\"twitter:card\" content=\"summary_large_image\" \/>\n<meta name=\"twitter:label1\" content=\"Est. reading time\" \/>\n\t<meta name=\"twitter:data1\" content=\"3 minutes\" \/>\n<script type=\"application\/ld+json\" class=\"yoast-schema-graph\">{\"@context\":\"https:\\\/\\\/schema.org\",\"@graph\":[{\"@type\":\"WebPage\",\"@id\":\"https:\\\/\\\/purethcshop.de\\\/widerrufsrecht\\\/\",\"url\":\"https:\\\/\\\/purethcshop.de\\\/widerrufsrecht\\\/\",\"name\":\"Widerrufsrecht &#8211; Pure THC Shop\",\"isPartOf\":{\"@id\":\"https:\\\/\\\/purethcshop.de\\\/#website\"},\"datePublished\":\"2026-04-06T07:21:10+00:00\",\"dateModified\":\"2026-04-07T00:18:43+00:00\",\"breadcrumb\":{\"@id\":\"https:\\\/\\\/purethcshop.de\\\/widerrufsrecht\\\/#breadcrumb\"},\"inLanguage\":\"en-US\",\"potentialAction\":[{\"@type\":\"ReadAction\",\"target\":[\"https:\\\/\\\/purethcshop.de\\\/widerrufsrecht\\\/\"]}]},{\"@type\":\"BreadcrumbList\",\"@id\":\"https:\\\/\\\/purethcshop.de\\\/widerrufsrecht\\\/#breadcrumb\",\"itemListElement\":[{\"@type\":\"ListItem\",\"position\":1,\"name\":\"Home\",\"item\":\"https:\\\/\\\/purethcshop.de\\\/\"},{\"@type\":\"ListItem\",\"position\":2,\"name\":\"Widerrufsrecht\"}]},{\"@type\":\"WebSite\",\"@id\":\"https:\\\/\\\/purethcshop.de\\\/#website\",\"url\":\"https:\\\/\\\/purethcshop.de\\\/\",\"name\":\"Pure THC Shop\",\"description\":\"Where Quality THC Meets Trust\",\"publisher\":{\"@id\":\"https:\\\/\\\/purethcshop.de\\\/#organization\"},\"alternateName\":\"HighLife THC Store\",\"potentialAction\":[{\"@type\":\"SearchAction\",\"target\":{\"@type\":\"EntryPoint\",\"urlTemplate\":\"https:\\\/\\\/purethcshop.de\\\/?s={search_term_string}\"},\"query-input\":{\"@type\":\"PropertyValueSpecification\",\"valueRequired\":true,\"valueName\":\"search_term_string\"}}],\"inLanguage\":\"en-US\"},{\"@type\":\"Organization\",\"@id\":\"https:\\\/\\\/purethcshop.de\\\/#organization\",\"name\":\"Pure THC Shop\",\"url\":\"https:\\\/\\\/purethcshop.de\\\/\",\"logo\":{\"@type\":\"ImageObject\",\"inLanguage\":\"en-US\",\"@id\":\"https:\\\/\\\/purethcshop.de\\\/#\\\/schema\\\/logo\\\/image\\\/\",\"url\":\"https:\\\/\\\/purethcshop.de\\\/wp-content\\\/uploads\\\/2026\\\/03\\\/logo.webp.jpg\",\"contentUrl\":\"https:\\\/\\\/purethcshop.de\\\/wp-content\\\/uploads\\\/2026\\\/03\\\/logo.webp.jpg\",\"width\":1280,\"height\":455,\"caption\":\"Pure THC Shop\"},\"image\":{\"@id\":\"https:\\\/\\\/purethcshop.de\\\/#\\\/schema\\\/logo\\\/image\\\/\"}}]}<\/script>\n<!-- \/ Yoast SEO Premium plugin. -->","yoast_head_json":{"title":"Widerrufsrecht &#8211; Pure THC Shop","robots":{"index":"index","follow":"follow","max-snippet":"max-snippet:-1","max-image-preview":"max-image-preview:large","max-video-preview":"max-video-preview:-1"},"canonical":"https:\/\/purethcshop.de\/en\/widerrufsrecht\/","og_locale":"en_US","og_type":"article","og_title":"Widerrufsrecht","og_description":"Widerrufsrecht 1. Allgemeine Informationen Verbraucher haben bei Abschluss eines Fernabsatzvertrags grunds\u00e4tzlich ein gesetzliches Widerrufsrecht. Die Einzelheiten ergeben sich aus den nachstehenden Bestimmungen. Ausnahmen sind in Abschnitt (2) geregelt. Ein Muster-Widerrufsformular finden Sie in Abschnitt (3). Widerrufsbelehrung Widerrufsrecht Sie haben das Recht, binnen vierzehn (14) Tagen ohne Angabe von Gr\u00fcnden diesen Vertrag zu widerrufen. Die Widerrufsfrist [&hellip;]","og_url":"https:\/\/purethcshop.de\/en\/widerrufsrecht\/","og_site_name":"Pure THC Shop","article_modified_time":"2026-04-07T00:18:43+00:00","og_image":[{"width":1280,"height":853,"url":"https:\/\/purethcshop.de\/wp-content\/uploads\/2026\/03\/photo_2026-03-21_08-55-14.jpg","type":"image\/jpeg"}],"twitter_card":"summary_large_image","twitter_misc":{"Est. reading time":"3 minutes"},"schema":{"@context":"https:\/\/schema.org","@graph":[{"@type":"WebPage","@id":"https:\/\/purethcshop.de\/widerrufsrecht\/","url":"https:\/\/purethcshop.de\/widerrufsrecht\/","name":"Widerrufsrecht &#8211; Pure THC Shop","isPartOf":{"@id":"https:\/\/purethcshop.de\/#website"},"datePublished":"2026-04-06T07:21:10+00:00","dateModified":"2026-04-07T00:18:43+00:00","breadcrumb":{"@id":"https:\/\/purethcshop.de\/widerrufsrecht\/#breadcrumb"},"inLanguage":"en-US","potentialAction":[{"@type":"ReadAction","target":["https:\/\/purethcshop.de\/widerrufsrecht\/"]}]},{"@type":"BreadcrumbList","@id":"https:\/\/purethcshop.de\/widerrufsrecht\/#breadcrumb","itemListElement":[{"@type":"ListItem","position":1,"name":"Home","item":"https:\/\/purethcshop.de\/"},{"@type":"ListItem","position":2,"name":"Widerrufsrecht"}]},{"@type":"WebSite","@id":"https:\/\/purethcshop.de\/#website","url":"https:\/\/purethcshop.de\/","name":"Pure THC Shop","description":"Where Quality THC Meets Trust","publisher":{"@id":"https:\/\/purethcshop.de\/#organization"},"alternateName":"HighLife THC Store","potentialAction":[{"@type":"SearchAction","target":{"@type":"EntryPoint","urlTemplate":"https:\/\/purethcshop.de\/?s={search_term_string}"},"query-input":{"@type":"PropertyValueSpecification","valueRequired":true,"valueName":"search_term_string"}}],"inLanguage":"en-US"},{"@type":"Organization","@id":"https:\/\/purethcshop.de\/#organization","name":"Pure THC Shop","url":"https:\/\/purethcshop.de\/","logo":{"@type":"ImageObject","inLanguage":"en-US","@id":"https:\/\/purethcshop.de\/#\/schema\/logo\/image\/","url":"https:\/\/purethcshop.de\/wp-content\/uploads\/2026\/03\/logo.webp.jpg","contentUrl":"https:\/\/purethcshop.de\/wp-content\/uploads\/2026\/03\/logo.webp.jpg","width":1280,"height":455,"caption":"Pure THC Shop"},"image":{"@id":"https:\/\/purethcshop.de\/#\/schema\/logo\/image\/"}}]}},"_hostinger_reach_plugin_has_subscription_block":false,"_hostinger_reach_plugin_is_elementor":false,"jetpack_sharing_enabled":true,"_links":{"self":[{"href":"https:\/\/purethcshop.de\/en\/wp-json\/wp\/v2\/pages\/6553","targetHints":{"allow":["GET"]}}],"collection":[{"href":"https:\/\/purethcshop.de\/en\/wp-json\/wp\/v2\/pages"}],"about":[{"href":"https:\/\/purethcshop.de\/en\/wp-json\/wp\/v2\/types\/page"}],"author":[{"embeddable":true,"href":"https:\/\/purethcshop.de\/en\/wp-json\/wp\/v2\/users\/1"}],"replies":[{"embeddable":true,"href":"https:\/\/purethcshop.de\/en\/wp-json\/wp\/v2\/comments?post=6553"}],"version-history":[{"count":10,"href":"https:\/\/purethcshop.de\/en\/wp-json\/wp\/v2\/pages\/6553\/revisions"}],"predecessor-version":[{"id":6829,"href":"https:\/\/purethcshop.de\/en\/wp-json\/wp\/v2\/pages\/6553\/revisions\/6829"}],"wp:attachment":[{"href":"https:\/\/purethcshop.de\/en\/wp-json\/wp\/v2\/media?parent=6553"}],"curies":[{"name":"wp","href":"https:\/\/api.w.org\/{rel}","templated":true}]}}