{"id":6552,"date":"2026-04-06T07:29:37","date_gmt":"2026-04-06T07:29:37","guid":{"rendered":"https:\/\/purethcshop.de\/?page_id=6552"},"modified":"2026-04-19T21:28:46","modified_gmt":"2026-04-19T21:28:46","slug":"datenschutzerklarung","status":"publish","type":"page","link":"https:\/\/purethcshop.de\/en\/datenschutzerklarung\/","title":{"rendered":"Datenschutzerkl\u00e4rung"},"content":{"rendered":"<div data-elementor-type=\"wp-page\" data-elementor-id=\"6552\" class=\"elementor elementor-6552\" data-elementor-post-type=\"page\">\n\t\t\t\t<div class=\"elementor-element elementor-element-b592010 e-flex e-con-boxed e-con e-parent\" data-id=\"b592010\" data-element_type=\"container\" data-e-type=\"container\">\n\t\t\t\t\t<div class=\"e-con-inner\">\n\t\t\t\t<div class=\"elementor-element elementor-element-d2358b8 elementor-widget elementor-widget-text-editor\" data-id=\"d2358b8\" data-element_type=\"widget\" data-e-type=\"widget\" data-widget_type=\"text-editor.default\">\n\t\t\t\t<div class=\"elementor-widget-container\">\n\t\t\t\t\t\t\t\t\t<h1 data-section-id=\"pw9hhh\" data-start=\"143\" data-end=\"169\"><span role=\"text\"><strong data-start=\"145\" data-end=\"169\">Datenschutzerkl\u00e4rung<\/strong><\/span><\/h1><h2 data-section-id=\"opylvb\" data-start=\"171\" data-end=\"208\"><span role=\"text\"><strong data-start=\"174\" data-end=\"208\">1. Datenschutz auf einen Blick<\/strong><\/span><\/h2><h3 data-section-id=\"15exfl9\" data-start=\"210\" data-end=\"239\"><span role=\"text\"><strong data-start=\"214\" data-end=\"237\">Allgemeine Hinweise<\/strong><\/span><\/h3><p data-start=\"240\" data-end=\"479\">Die folgenden Hinweise geben einen einfachen \u00dcberblick dar\u00fcber, was mit Ihren personenbezogenen Daten passiert, wenn Sie unsere Website besuchen. Personenbezogene Daten sind alle Daten, mit denen Sie pers\u00f6nlich identifiziert werden k\u00f6nnen.<\/p><p data-start=\"481\" data-end=\"577\">Ausf\u00fchrliche Informationen zum Datenschutz entnehmen Sie der nachfolgenden Datenschutzerkl\u00e4rung.<\/p><hr data-start=\"579\" data-end=\"582\" \/><h2 data-section-id=\"1yzjqtm\" data-start=\"584\" data-end=\"627\"><span role=\"text\"><strong data-start=\"587\" data-end=\"627\">2. Datenerfassung auf dieser Website<\/strong><\/span><\/h2><h3 data-section-id=\"9keu5q\" data-start=\"629\" data-end=\"661\"><span role=\"text\"><strong data-start=\"633\" data-end=\"659\">Verantwortliche Stelle<\/strong><\/span><\/h3><p data-start=\"662\" data-end=\"738\">Die Datenverarbeitung auf dieser Website erfolgt durch den Websitebetreiber:<\/p><p data-start=\"740\" data-end=\"821\"><strong data-start=\"740\" data-end=\"757\">Pure THC Shop<\/strong><br data-start=\"757\" data-end=\"760\" \/>E-Mail: <a class=\"decorated-link cursor-pointer\" rel=\"noopener\" data-start=\"768\" data-end=\"791\">sales@premiumthcshop.de<\/a><br data-start=\"791\" data-end=\"794\" \/>WhatsApp: +49 15781082067<\/p><hr data-start=\"823\" data-end=\"826\" \/><h3 data-section-id=\"awifo9\" data-start=\"828\" data-end=\"864\"><span role=\"text\"><strong data-start=\"832\" data-end=\"864\">Wie erfassen wir Ihre Daten?<\/strong><\/span><\/h3><p data-start=\"866\" data-end=\"907\">Ihre Daten werden auf zwei Arten erhoben:<\/p><ul data-start=\"909\" data-end=\"1132\"><li data-section-id=\"h02hxr\" data-start=\"909\" data-end=\"1006\"><strong data-start=\"911\" data-end=\"941\">Direkt durch Ihre Angaben:<\/strong> z. B. bei Bestellungen, Kontaktformularen oder Registrierungen<\/li><li data-section-id=\"ag067t\" data-start=\"1007\" data-end=\"1132\"><strong data-start=\"1009\" data-end=\"1025\">Automatisch:<\/strong> beim Besuch der Website durch unsere IT-Systeme (z. B. Browsertyp, Betriebssystem, Uhrzeit des Zugriffs)<\/li><\/ul><hr data-start=\"1134\" data-end=\"1137\" \/><h3 data-section-id=\"1wnhdyv\" data-start=\"1139\" data-end=\"1175\"><span role=\"text\"><strong data-start=\"1143\" data-end=\"1175\">Wof\u00fcr nutzen wir Ihre Daten?<\/strong><\/span><\/h3><p data-start=\"1177\" data-end=\"1206\">Wir verwenden Ihre Daten, um:<\/p><ul data-start=\"1208\" data-end=\"1399\"><li data-section-id=\"1anlanl\" data-start=\"1208\" data-end=\"1272\">eine fehlerfreie Bereitstellung der Website zu gew\u00e4hrleisten<\/li><li data-section-id=\"7to0ts\" data-start=\"1273\" data-end=\"1315\">Bestellungen und Zahlungen abzuwickeln<\/li><li data-section-id=\"171o5t2\" data-start=\"1316\" data-end=\"1360\">die Benutzerfreundlichkeit zu verbessern<\/li><li data-section-id=\"1c2mvf9\" data-start=\"1361\" data-end=\"1399\">das Nutzerverhalten zu analysieren<\/li><\/ul><hr data-start=\"1401\" data-end=\"1404\" \/><h3 data-section-id=\"14kr6wt\" data-start=\"1406\" data-end=\"1425\"><span role=\"text\"><strong data-start=\"1410\" data-end=\"1425\">Ihre Rechte<\/strong><\/span><\/h3><p data-start=\"1427\" data-end=\"1457\">Sie haben jederzeit das Recht:<\/p><ul data-start=\"1459\" data-end=\"1691\"><li data-section-id=\"2ebvpg\" data-start=\"1459\" data-end=\"1513\">Auskunft \u00fcber Ihre gespeicherten Daten zu erhalten<\/li><li data-section-id=\"1l2ue6y\" data-start=\"1514\" data-end=\"1557\">Berichtigung oder L\u00f6schung zu verlangen<\/li><li data-section-id=\"iemhgb\" data-start=\"1558\" data-end=\"1602\">eine erteilte Einwilligung zu widerrufen<\/li><li data-section-id=\"tnefuh\" data-start=\"1603\" data-end=\"1638\">die Verarbeitung einzuschr\u00e4nken<\/li><li data-section-id=\"1ruw32j\" data-start=\"1639\" data-end=\"1691\">Beschwerde bei einer Aufsichtsbeh\u00f6rde einzulegen<\/li><\/ul><hr data-start=\"1693\" data-end=\"1696\" \/><h2 data-section-id=\"1e4rqs8\" data-start=\"1698\" data-end=\"1715\"><span role=\"text\"><strong data-start=\"1701\" data-end=\"1715\">3. Hosting<\/strong><\/span><\/h2><p data-start=\"1717\" data-end=\"1854\">Unsere Website wird \u00fcber Shopify betrieben. Shopify stellt die E-Commerce-Plattform zur Verf\u00fcgung, \u00fcber die wir unsere Produkte anbieten.<\/p><p data-start=\"1856\" data-end=\"1899\">Dabei k\u00f6nnen folgende Daten erfasst werden:<\/p><ul data-start=\"1901\" data-end=\"1987\"><li data-section-id=\"1h0uk97\" data-start=\"1901\" data-end=\"1915\">IP-Adresse<\/li><li data-section-id=\"1fww5ec\" data-start=\"1916\" data-end=\"1952\">Ger\u00e4te- und Browserinformationen<\/li><li data-section-id=\"1gtjsyi\" data-start=\"1953\" data-end=\"1987\">Bestell- und Transaktionsdaten<\/li><\/ul><p data-start=\"1989\" data-end=\"2131\">Die Verarbeitung erfolgt auf Grundlage von Art. 6 Abs. 1 lit. f DSGVO (berechtigtes Interesse) bzw. Art. 6 Abs. 1 lit. a DSGVO (Einwilligung).<\/p><hr data-start=\"2133\" data-end=\"2136\" \/><h2 data-section-id=\"1laqa6n\" data-start=\"2138\" data-end=\"2183\"><span role=\"text\"><strong data-start=\"2141\" data-end=\"2183\">4. Allgemeine Hinweise zum Datenschutz<\/strong><\/span><\/h2><p data-start=\"2185\" data-end=\"2298\">Wir behandeln Ihre personenbezogenen Daten vertraulich und entsprechend der gesetzlichen Datenschutzvorschriften.<\/p><p data-start=\"2300\" data-end=\"2410\">Bitte beachten Sie, dass die Daten\u00fcbertragung im Internet (z. B. per E-Mail) Sicherheitsl\u00fccken aufweisen kann.<\/p><hr data-start=\"2412\" data-end=\"2415\" \/><h3 data-section-id=\"1klgqia\" data-start=\"2417\" data-end=\"2440\"><span role=\"text\"><strong data-start=\"2421\" data-end=\"2438\">Speicherdauer<\/strong><\/span><\/h3><p data-start=\"2441\" data-end=\"2589\">Ihre personenbezogenen Daten werden nur so lange gespeichert, wie es f\u00fcr die jeweiligen Zwecke erforderlich ist oder gesetzlich vorgeschrieben wird.<\/p><hr data-start=\"2591\" data-end=\"2594\" \/><h3 data-section-id=\"1m17ikg\" data-start=\"2596\" data-end=\"2633\"><span role=\"text\"><strong data-start=\"2600\" data-end=\"2631\">Widerruf Ihrer Einwilligung<\/strong><\/span><\/h3><p data-start=\"2634\" data-end=\"2775\">Sie k\u00f6nnen eine bereits erteilte Einwilligung jederzeit widerrufen. Die Rechtm\u00e4\u00dfigkeit der bis dahin erfolgten Verarbeitung bleibt unber\u00fchrt.<\/p><hr data-start=\"2777\" data-end=\"2780\" \/><h2 data-section-id=\"13sk5mx\" data-start=\"2782\" data-end=\"2799\"><span role=\"text\"><strong data-start=\"2785\" data-end=\"2799\">5. Cookies<\/strong><\/span><\/h2><p data-start=\"2801\" data-end=\"2838\">Unsere Website verwendet Cookies, um:<\/p><ul data-start=\"2840\" data-end=\"2935\"><li data-section-id=\"6hcn8q\" data-start=\"2840\" data-end=\"2878\">die Funktionalit\u00e4t sicherzustellen<\/li><li data-section-id=\"19ouom3\" data-start=\"2879\" data-end=\"2909\">die Nutzung zu analysieren<\/li><li data-section-id=\"733hwu\" data-start=\"2910\" data-end=\"2935\">Inhalte zu optimieren<\/li><\/ul><p data-start=\"2937\" data-end=\"3093\">Sie k\u00f6nnen Ihren Browser so einstellen, dass Cookies eingeschr\u00e4nkt oder deaktiviert werden. Dies kann jedoch die Funktionalit\u00e4t der Website beeintr\u00e4chtigen.<\/p><hr data-start=\"3095\" data-end=\"3098\" \/><h2 data-section-id=\"1ga7857\" data-start=\"3100\" data-end=\"3133\"><span role=\"text\"><strong data-start=\"3103\" data-end=\"3133\">6. Kontakt &amp; Kommunikation<\/strong><\/span><\/h2><h3 data-section-id=\"1mpvfur\" data-start=\"3135\" data-end=\"3178\"><span role=\"text\"><strong data-start=\"3139\" data-end=\"3178\">Kontaktformular \/ E-Mail \/ WhatsApp<\/strong><\/span><\/h3><p data-start=\"3180\" data-end=\"3206\">Wenn Sie uns kontaktieren:<\/p><ul data-start=\"3208\" data-end=\"3323\"><li data-section-id=\"pptx3x\" data-start=\"3208\" data-end=\"3271\">werden Ihre Daten zur Bearbeitung Ihrer Anfrage gespeichert<\/li><li data-section-id=\"1ywdm2w\" data-start=\"3272\" data-end=\"3323\">erfolgt keine Weitergabe ohne Ihre Einwilligung<\/li><\/ul><p data-start=\"3325\" data-end=\"3435\">Die Kommunikation \u00fcber WhatsApp ist Ende-zu-Ende verschl\u00fcsselt. Es k\u00f6nnen jedoch Metadaten verarbeitet werden.<\/p><hr data-start=\"3437\" data-end=\"3440\" \/><h2 data-section-id=\"1pq8c9b\" data-start=\"3442\" data-end=\"3475\"><span role=\"text\"><strong data-start=\"3445\" data-end=\"3475\">7. Analyse- und Werbetools<\/strong><\/span><\/h2><p data-start=\"3477\" data-end=\"3510\">Wir nutzen ggf. folgende Dienste:<\/p><ul data-start=\"3512\" data-end=\"3657\"><li data-section-id=\"1sawseb\" data-start=\"3512\" data-end=\"3563\">Google Analytics (Analyse des Nutzerverhaltens)<\/li><li data-section-id=\"lf16ic\" data-start=\"3564\" data-end=\"3611\">Google Ads &amp; Remarketing (gezielte Werbung)<\/li><li data-section-id=\"17ypunm\" data-start=\"3612\" data-end=\"3657\">Facebook Pixel (Messung der Werbewirkung)<\/li><\/ul><p data-start=\"3659\" data-end=\"3717\">Diese Dienste verwenden Cookies und \u00e4hnliche Technologien.<\/p><p data-start=\"3719\" data-end=\"3815\">Sie k\u00f6nnen der Nutzung \u00fcber Ihre Browsereinstellungen oder entsprechende Anbieter widersprechen.<\/p><hr data-start=\"3817\" data-end=\"3820\" \/><h2 data-section-id=\"6df002\" data-start=\"3822\" data-end=\"3842\"><span role=\"text\"><strong data-start=\"3825\" data-end=\"3842\">8. Newsletter<\/strong><\/span><\/h2><p data-start=\"3844\" data-end=\"3883\">Wenn Sie unseren Newsletter abonnieren:<\/p><ul data-start=\"3885\" data-end=\"3964\"><li data-section-id=\"llu8rs\" data-start=\"3885\" data-end=\"3925\">wird Ihre E-Mail-Adresse gespeichert<\/li><li data-section-id=\"r3bkw6\" data-start=\"3926\" data-end=\"3964\">k\u00f6nnen Sie sich jederzeit abmelden<\/li><\/ul><p data-start=\"3966\" data-end=\"4022\">F\u00fcr den Versand nutzen wir ggf. Anbieter wie MailerLite.<\/p><hr data-start=\"4024\" data-end=\"4027\" \/><h2 data-section-id=\"1a7x8nn\" data-start=\"4029\" data-end=\"4072\"><span role=\"text\"><strong data-start=\"4032\" data-end=\"4072\">9. Bestellungen &amp; Zahlungsabwicklung<\/strong><\/span><\/h2><p data-start=\"4074\" data-end=\"4125\">F\u00fcr Bestellungen erfassen wir notwendige Daten wie:<\/p><ul data-start=\"4127\" data-end=\"4173\"><li data-section-id=\"1t2yru7\" data-start=\"4127\" data-end=\"4135\">Name<\/li><li data-section-id=\"6lo1kv\" data-start=\"4136\" data-end=\"4147\">Adresse<\/li><li data-section-id=\"72spmn\" data-start=\"4148\" data-end=\"4173\">Zahlungsinformationen<\/li><\/ul><p data-start=\"4175\" data-end=\"4229\">Zur Zahlungsabwicklung arbeiten wir mit Anbietern wie:<\/p><ul data-start=\"4231\" data-end=\"4252\"><li data-section-id=\"1e6r201\" data-start=\"4231\" data-end=\"4241\">Stripe<\/li><li data-section-id=\"18icy6r\" data-start=\"4242\" data-end=\"4252\">Klarna<\/li><\/ul><p data-start=\"4254\" data-end=\"4319\">Die Weitergabe erfolgt ausschlie\u00dflich zur Abwicklung der Zahlung.<\/p><hr data-start=\"4321\" data-end=\"4324\" \/><h2 data-section-id=\"1x7n81y\" data-start=\"4326\" data-end=\"4352\"><span role=\"text\"><strong data-start=\"4329\" data-end=\"4352\">10. Datensicherheit<\/strong><\/span><\/h2><p data-start=\"4354\" data-end=\"4515\">Unsere Website nutzt SSL-\/TLS-Verschl\u00fcsselung, um Ihre Daten zu sch\u00fctzen.<br data-start=\"4427\" data-end=\"4430\" \/>Eine sichere Verbindung erkennen Sie an \u201ehttps:\/\/\u201c in der Adresszeile Ihres Browsers.<\/p><hr data-start=\"4517\" data-end=\"4520\" \/><h2 data-section-id=\"s2gjxm\" data-start=\"4522\" data-end=\"4571\"><span role=\"text\"><strong data-start=\"4525\" data-end=\"4571\">11. \u00c4nderungen dieser Datenschutzerkl\u00e4rung<\/strong><\/span><\/h2><p data-start=\"4573\" data-end=\"4703\">Wir behalten uns vor, diese Datenschutzerkl\u00e4rung jederzeit anzupassen, um sie an rechtliche oder technische \u00c4nderungen anzupassen.<\/p><hr data-start=\"4705\" data-end=\"4708\" \/><p data-start=\"4710\" data-end=\"4800\">Bei Fragen zum Datenschutz kontaktieren Sie uns bitte unter:<br data-start=\"4770\" data-end=\"4773\" \/><strong data-start=\"4773\" data-end=\"4800\"><a class=\"decorated-link cursor-pointer\" rel=\"noopener\" data-start=\"4775\" data-end=\"4798\">sales@premiumthcshop.de<\/a><\/strong><\/p>\t\t\t\t\t\t\t\t<\/div>\n\t\t\t\t<\/div>\n\t\t\t\t\t<\/div>\n\t\t\t\t<\/div>\n\t\t\t\t<\/div>","protected":false},"excerpt":{"rendered":"<p>Datenschutzerkl\u00e4rung 1. Datenschutz auf einen Blick Allgemeine Hinweise Die folgenden Hinweise geben einen einfachen \u00dcberblick dar\u00fcber, was mit Ihren personenbezogenen Daten passiert, wenn Sie unsere Website besuchen. Personenbezogene Daten sind alle Daten, mit denen Sie pers\u00f6nlich identifiziert werden k\u00f6nnen. Ausf\u00fchrliche Informationen zum Datenschutz entnehmen Sie der nachfolgenden Datenschutzerkl\u00e4rung. 2. Datenerfassung auf dieser Website Verantwortliche Stelle [&hellip;]<\/p>\n","protected":false},"author":1,"featured_media":0,"parent":0,"menu_order":0,"comment_status":"closed","ping_status":"closed","template":"elementor_header_footer","meta":{"footnotes":""},"class_list":["post-6552","page","type-page","status-publish","hentry"],"blocksy_meta":[],"yoast_head":"<!-- This site is optimized with the Yoast SEO Premium plugin v26.1 (Yoast SEO v27.6) - https:\/\/yoast.com\/product\/yoast-seo-premium-wordpress\/ -->\n<title>Datenschutzerkl\u00e4rung &#8211; Pure THC Shop<\/title>\n<meta name=\"robots\" content=\"index, follow, max-snippet:-1, max-image-preview:large, max-video-preview:-1\" \/>\n<link rel=\"canonical\" href=\"https:\/\/purethcshop.de\/en\/datenschutzerklarung\/\" \/>\n<meta property=\"og:locale\" content=\"en_US\" \/>\n<meta property=\"og:type\" content=\"article\" \/>\n<meta property=\"og:title\" content=\"Datenschutzerkl\u00e4rung\" \/>\n<meta property=\"og:description\" content=\"Datenschutzerkl\u00e4rung 1. Datenschutz auf einen Blick Allgemeine Hinweise Die folgenden Hinweise geben einen einfachen \u00dcberblick dar\u00fcber, was mit Ihren personenbezogenen Daten passiert, wenn Sie unsere Website besuchen. Personenbezogene Daten sind alle Daten, mit denen Sie pers\u00f6nlich identifiziert werden k\u00f6nnen. Ausf\u00fchrliche Informationen zum Datenschutz entnehmen Sie der nachfolgenden Datenschutzerkl\u00e4rung. 2. Datenerfassung auf dieser Website Verantwortliche Stelle [&hellip;]\" \/>\n<meta property=\"og:url\" content=\"https:\/\/purethcshop.de\/en\/datenschutzerklarung\/\" \/>\n<meta property=\"og:site_name\" content=\"Pure THC Shop\" \/>\n<meta property=\"article:modified_time\" content=\"2026-04-19T21:28:46+00:00\" \/>\n<meta property=\"og:image\" content=\"https:\/\/purethcshop.de\/wp-content\/uploads\/2026\/03\/photo_2026-03-21_08-55-14.jpg\" \/>\n\t<meta property=\"og:image:width\" content=\"1280\" \/>\n\t<meta property=\"og:image:height\" content=\"853\" \/>\n\t<meta property=\"og:image:type\" content=\"image\/jpeg\" \/>\n<meta name=\"twitter:card\" content=\"summary_large_image\" \/>\n<meta name=\"twitter:label1\" content=\"Est. reading time\" \/>\n\t<meta name=\"twitter:data1\" content=\"3 minutes\" \/>\n<script type=\"application\/ld+json\" class=\"yoast-schema-graph\">{\"@context\":\"https:\\\/\\\/schema.org\",\"@graph\":[{\"@type\":\"WebPage\",\"@id\":\"https:\\\/\\\/purethcshop.de\\\/datenschutzerklarung\\\/\",\"url\":\"https:\\\/\\\/purethcshop.de\\\/datenschutzerklarung\\\/\",\"name\":\"Datenschutzerkl\u00e4rung &#8211; Pure THC Shop\",\"isPartOf\":{\"@id\":\"https:\\\/\\\/purethcshop.de\\\/#website\"},\"datePublished\":\"2026-04-06T07:29:37+00:00\",\"dateModified\":\"2026-04-19T21:28:46+00:00\",\"breadcrumb\":{\"@id\":\"https:\\\/\\\/purethcshop.de\\\/datenschutzerklarung\\\/#breadcrumb\"},\"inLanguage\":\"en-US\",\"potentialAction\":[{\"@type\":\"ReadAction\",\"target\":[\"https:\\\/\\\/purethcshop.de\\\/datenschutzerklarung\\\/\"]}]},{\"@type\":\"BreadcrumbList\",\"@id\":\"https:\\\/\\\/purethcshop.de\\\/datenschutzerklarung\\\/#breadcrumb\",\"itemListElement\":[{\"@type\":\"ListItem\",\"position\":1,\"name\":\"Home\",\"item\":\"https:\\\/\\\/purethcshop.de\\\/\"},{\"@type\":\"ListItem\",\"position\":2,\"name\":\"Datenschutzerkl\u00e4rung\"}]},{\"@type\":\"WebSite\",\"@id\":\"https:\\\/\\\/purethcshop.de\\\/#website\",\"url\":\"https:\\\/\\\/purethcshop.de\\\/\",\"name\":\"Pure THC Shop\",\"description\":\"Where Quality THC Meets Trust\",\"publisher\":{\"@id\":\"https:\\\/\\\/purethcshop.de\\\/#organization\"},\"alternateName\":\"HighLife THC Store\",\"potentialAction\":[{\"@type\":\"SearchAction\",\"target\":{\"@type\":\"EntryPoint\",\"urlTemplate\":\"https:\\\/\\\/purethcshop.de\\\/?s={search_term_string}\"},\"query-input\":{\"@type\":\"PropertyValueSpecification\",\"valueRequired\":true,\"valueName\":\"search_term_string\"}}],\"inLanguage\":\"en-US\"},{\"@type\":\"Organization\",\"@id\":\"https:\\\/\\\/purethcshop.de\\\/#organization\",\"name\":\"Pure THC Shop\",\"url\":\"https:\\\/\\\/purethcshop.de\\\/\",\"logo\":{\"@type\":\"ImageObject\",\"inLanguage\":\"en-US\",\"@id\":\"https:\\\/\\\/purethcshop.de\\\/#\\\/schema\\\/logo\\\/image\\\/\",\"url\":\"https:\\\/\\\/purethcshop.de\\\/wp-content\\\/uploads\\\/2026\\\/03\\\/logo.webp.jpg\",\"contentUrl\":\"https:\\\/\\\/purethcshop.de\\\/wp-content\\\/uploads\\\/2026\\\/03\\\/logo.webp.jpg\",\"width\":1280,\"height\":455,\"caption\":\"Pure THC Shop\"},\"image\":{\"@id\":\"https:\\\/\\\/purethcshop.de\\\/#\\\/schema\\\/logo\\\/image\\\/\"}}]}<\/script>\n<!-- \/ Yoast SEO Premium plugin. -->","yoast_head_json":{"title":"Datenschutzerkl\u00e4rung &#8211; Pure THC Shop","robots":{"index":"index","follow":"follow","max-snippet":"max-snippet:-1","max-image-preview":"max-image-preview:large","max-video-preview":"max-video-preview:-1"},"canonical":"https:\/\/purethcshop.de\/en\/datenschutzerklarung\/","og_locale":"en_US","og_type":"article","og_title":"Datenschutzerkl\u00e4rung","og_description":"Datenschutzerkl\u00e4rung 1. Datenschutz auf einen Blick Allgemeine Hinweise Die folgenden Hinweise geben einen einfachen \u00dcberblick dar\u00fcber, was mit Ihren personenbezogenen Daten passiert, wenn Sie unsere Website besuchen. Personenbezogene Daten sind alle Daten, mit denen Sie pers\u00f6nlich identifiziert werden k\u00f6nnen. Ausf\u00fchrliche Informationen zum Datenschutz entnehmen Sie der nachfolgenden Datenschutzerkl\u00e4rung. 2. Datenerfassung auf dieser Website Verantwortliche Stelle [&hellip;]","og_url":"https:\/\/purethcshop.de\/en\/datenschutzerklarung\/","og_site_name":"Pure THC Shop","article_modified_time":"2026-04-19T21:28:46+00:00","og_image":[{"width":1280,"height":853,"url":"https:\/\/purethcshop.de\/wp-content\/uploads\/2026\/03\/photo_2026-03-21_08-55-14.jpg","type":"image\/jpeg"}],"twitter_card":"summary_large_image","twitter_misc":{"Est. reading time":"3 minutes"},"schema":{"@context":"https:\/\/schema.org","@graph":[{"@type":"WebPage","@id":"https:\/\/purethcshop.de\/datenschutzerklarung\/","url":"https:\/\/purethcshop.de\/datenschutzerklarung\/","name":"Datenschutzerkl\u00e4rung &#8211; Pure THC Shop","isPartOf":{"@id":"https:\/\/purethcshop.de\/#website"},"datePublished":"2026-04-06T07:29:37+00:00","dateModified":"2026-04-19T21:28:46+00:00","breadcrumb":{"@id":"https:\/\/purethcshop.de\/datenschutzerklarung\/#breadcrumb"},"inLanguage":"en-US","potentialAction":[{"@type":"ReadAction","target":["https:\/\/purethcshop.de\/datenschutzerklarung\/"]}]},{"@type":"BreadcrumbList","@id":"https:\/\/purethcshop.de\/datenschutzerklarung\/#breadcrumb","itemListElement":[{"@type":"ListItem","position":1,"name":"Home","item":"https:\/\/purethcshop.de\/"},{"@type":"ListItem","position":2,"name":"Datenschutzerkl\u00e4rung"}]},{"@type":"WebSite","@id":"https:\/\/purethcshop.de\/#website","url":"https:\/\/purethcshop.de\/","name":"Pure THC Shop","description":"Where Quality THC Meets Trust","publisher":{"@id":"https:\/\/purethcshop.de\/#organization"},"alternateName":"HighLife THC Store","potentialAction":[{"@type":"SearchAction","target":{"@type":"EntryPoint","urlTemplate":"https:\/\/purethcshop.de\/?s={search_term_string}"},"query-input":{"@type":"PropertyValueSpecification","valueRequired":true,"valueName":"search_term_string"}}],"inLanguage":"en-US"},{"@type":"Organization","@id":"https:\/\/purethcshop.de\/#organization","name":"Pure THC Shop","url":"https:\/\/purethcshop.de\/","logo":{"@type":"ImageObject","inLanguage":"en-US","@id":"https:\/\/purethcshop.de\/#\/schema\/logo\/image\/","url":"https:\/\/purethcshop.de\/wp-content\/uploads\/2026\/03\/logo.webp.jpg","contentUrl":"https:\/\/purethcshop.de\/wp-content\/uploads\/2026\/03\/logo.webp.jpg","width":1280,"height":455,"caption":"Pure THC Shop"},"image":{"@id":"https:\/\/purethcshop.de\/#\/schema\/logo\/image\/"}}]}},"_hostinger_reach_plugin_has_subscription_block":false,"_hostinger_reach_plugin_is_elementor":false,"jetpack_sharing_enabled":true,"_links":{"self":[{"href":"https:\/\/purethcshop.de\/en\/wp-json\/wp\/v2\/pages\/6552","targetHints":{"allow":["GET"]}}],"collection":[{"href":"https:\/\/purethcshop.de\/en\/wp-json\/wp\/v2\/pages"}],"about":[{"href":"https:\/\/purethcshop.de\/en\/wp-json\/wp\/v2\/types\/page"}],"author":[{"embeddable":true,"href":"https:\/\/purethcshop.de\/en\/wp-json\/wp\/v2\/users\/1"}],"replies":[{"embeddable":true,"href":"https:\/\/purethcshop.de\/en\/wp-json\/wp\/v2\/comments?post=6552"}],"version-history":[{"count":7,"href":"https:\/\/purethcshop.de\/en\/wp-json\/wp\/v2\/pages\/6552\/revisions"}],"predecessor-version":[{"id":6952,"href":"https:\/\/purethcshop.de\/en\/wp-json\/wp\/v2\/pages\/6552\/revisions\/6952"}],"wp:attachment":[{"href":"https:\/\/purethcshop.de\/en\/wp-json\/wp\/v2\/media?parent=6552"}],"curies":[{"name":"wp","href":"https:\/\/api.w.org\/{rel}","templated":true}]}}