{"id":3127,"date":"2024-02-08T07:14:59","date_gmt":"2024-02-08T07:14:59","guid":{"rendered":"https:\/\/purethcshop.de\/about-us\/"},"modified":"2026-04-16T15:04:07","modified_gmt":"2026-04-16T15:04:07","slug":"uber-uns","status":"publish","type":"page","link":"https:\/\/purethcshop.de\/en\/uber-uns\/","title":{"rendered":"\u00dcber uns"},"content":{"rendered":"<div data-elementor-type=\"wp-page\" data-elementor-id=\"3127\" class=\"elementor elementor-3127\" data-elementor-post-type=\"page\">\n\t\t\t\t<div class=\"elementor-element elementor-element-e67bd85 e-flex e-con-boxed e-con e-parent\" data-id=\"e67bd85\" data-element_type=\"container\" data-e-type=\"container\">\n\t\t\t\t\t<div class=\"e-con-inner\">\n\t\t\t\t<div class=\"elementor-element elementor-element-dada617 elementor-widget elementor-widget-text-editor\" data-id=\"dada617\" data-element_type=\"widget\" data-e-type=\"widget\" data-widget_type=\"text-editor.default\">\n\t\t\t\t<div class=\"elementor-widget-container\">\n\t\t\t\t\t\t\t\t\t<h1 style=\"text-align: center;\" data-section-id=\"1v0lcfb\" data-start=\"118\" data-end=\"134\"><span role=\"text\"><strong data-start=\"120\" data-end=\"132\">\u00dcber uns<\/strong><\/span><\/h1><h4 style=\"text-align: center;\" data-start=\"135\" data-end=\"181\"><strong data-start=\"135\" data-end=\"179\">Unsere Mission: Sie gl\u00fccklich zu machen!<\/strong><\/h4>\t\t\t\t\t\t\t\t<\/div>\n\t\t\t\t<\/div>\n\t\t\t\t\t<\/div>\n\t\t\t\t<\/div>\n\t\t<div class=\"elementor-element elementor-element-a302daa e-flex e-con-boxed e-con e-parent\" data-id=\"a302daa\" data-element_type=\"container\" data-e-type=\"container\">\n\t\t\t\t\t<div class=\"e-con-inner\">\n\t\t\t\t<div class=\"elementor-element elementor-element-46e7da8 elementor-widget elementor-widget-text-editor\" data-id=\"46e7da8\" data-element_type=\"widget\" data-e-type=\"widget\" data-widget_type=\"text-editor.default\">\n\t\t\t\t<div class=\"elementor-widget-container\">\n\t\t\t\t\t\t\t\t\t<h4 data-start=\"23\" data-end=\"611\">Unser Versprechen<\/h4><p data-start=\"23\" data-end=\"611\">Bei <strong data-start=\"27\" data-end=\"44\">Pure THC Shop<\/strong> setzen wir uns leidenschaftlich daf\u00fcr ein, nat\u00fcrliche, hochwertige Hanfprodukte zu bieten, die unseren Kunden Freude, Entspannung und Wohlbefinden bringen. Alle unsere Produkte sind 100 % nat\u00fcrlich, EU-zertifiziert und frei von Pestiziden und Herbiziden, sorgf\u00e4ltig hergestellt, um ein sicheres, konsistentes und angenehmes Erlebnis zu gew\u00e4hrleisten. Nachhaltigkeit und faire Arbeitsbedingungen stehen bei uns im Mittelpunkt, und wir \u00fcberwachen unsere Produktionsprozesse kontinuierlich, um h\u00f6chste Qualit\u00e4tsstandards zu garantieren. Denn Ihr Gl\u00fcck ist unser Erfolg.<\/p><p data-start=\"613\" data-end=\"628\"><strong data-start=\"613\" data-end=\"628\">Die Gr\u00fcnder<\/strong><\/p><p data-start=\"630\" data-end=\"1135\"><strong data-start=\"630\" data-end=\"647\">Jakob Malkmus<\/strong><br data-start=\"647\" data-end=\"650\" \/>Als ganzheitlicher Ern\u00e4hrungsberater, Kr\u00e4uterexperte und Naturfreund glaubt Jakob an die Kraft, die Vitalit\u00e4t zu steigern und die nat\u00fcrlichen Selbstheilungskr\u00e4fte des K\u00f6rpers zu aktivieren. Getrieben von seiner Leidenschaft f\u00fcr ganzheitliche Gesundheit, hat er jahrelang sein Wissen vertieft und mit anderen geteilt. 2019 gr\u00fcndete er seine eigene Linie hochwertiger Gesundheitsprodukte und bietet diese erfolgreich im bekannten Gesch\u00e4ft \u201eMalkmus Holistic\u201c in der Mainzer Innenstadt an.<\/p><p data-start=\"1137\" data-end=\"1483\" data-is-last-node=\"\" data-is-only-node=\"\"><strong data-start=\"1137\" data-end=\"1152\">Marvin Game<\/strong><br data-start=\"1152\" data-end=\"1155\" \/>Marvin Game, langj\u00e4hriger Kenner erstklassiger Hanfbl\u00fcten in der Musikszene, bringt seine Expertise zu <strong data-start=\"1258\" data-end=\"1275\">Pure THC Shop<\/strong> ein. Er arbeitet mit Deutschlands renommiertesten und nachhaltigsten ganzheitlichen Produzenten zusammen und kooperiert stolz mit Jakob Malkmus, um Ihnen au\u00dfergew\u00f6hnliche aromatische Hanfprodukte anzubieten.<\/p>\t\t\t\t\t\t\t\t<\/div>\n\t\t\t\t<\/div>\n\t\t\t\t\t<\/div>\n\t\t\t\t<\/div>\n\t\t\t\t<\/div>","protected":false},"excerpt":{"rendered":"<p>\u00dcber uns Unsere Mission: Sie gl\u00fccklich zu machen! Unser Versprechen Bei Pure THC Shop setzen wir uns leidenschaftlich daf\u00fcr ein, nat\u00fcrliche, hochwertige Hanfprodukte zu bieten, die unseren Kunden Freude, Entspannung und Wohlbefinden bringen. Alle unsere Produkte sind 100 % nat\u00fcrlich, EU-zertifiziert und frei von Pestiziden und Herbiziden, sorgf\u00e4ltig hergestellt, um ein sicheres, konsistentes und angenehmes [&hellip;]<\/p>\n","protected":false},"author":1,"featured_media":0,"parent":0,"menu_order":0,"comment_status":"closed","ping_status":"closed","template":"","meta":{"footnotes":""},"class_list":["post-3127","page","type-page","status-publish","hentry"],"blocksy_meta":{"has_hero_section":"disabled","vertical_spacing_source":"custom","content_area_spacing":"none","styles_descriptor":{"styles":{"desktop":"","tablet":"","mobile":""},"google_fonts":[],"version":6}},"yoast_head":"<!-- This site is optimized with the Yoast SEO Premium plugin v26.1 (Yoast SEO v27.6) - https:\/\/yoast.com\/product\/yoast-seo-premium-wordpress\/ -->\n<title>About Us | Pure THC Shop \u2013 Deine Experten f\u00fcr Premium Cannabis &amp; Sicherheit<\/title>\n<meta name=\"description\" content=\"Lerne Pure THC Shop kennen. Wir stehen f\u00fcr laborgepr\u00fcfte Qualit\u00e4t, diskreten Versand und maximale Expertise im Cannabis-Handel.\" \/>\n<meta name=\"robots\" content=\"index, follow, max-snippet:-1, max-image-preview:large, max-video-preview:-1\" \/>\n<link rel=\"canonical\" href=\"https:\/\/purethcshop.de\/en\/uber-uns\/\" \/>\n<meta property=\"og:locale\" content=\"en_US\" \/>\n<meta property=\"og:type\" content=\"article\" \/>\n<meta property=\"og:title\" content=\"\u00dcber uns\" \/>\n<meta property=\"og:description\" content=\"Lerne Pure THC Shop kennen. Wir stehen f\u00fcr laborgepr\u00fcfte Qualit\u00e4t, diskreten Versand und maximale Expertise im Cannabis-Handel.\" \/>\n<meta property=\"og:url\" content=\"https:\/\/purethcshop.de\/en\/uber-uns\/\" \/>\n<meta property=\"og:site_name\" content=\"Pure THC Shop\" \/>\n<meta property=\"article:modified_time\" content=\"2026-04-16T15:04:07+00:00\" \/>\n<meta property=\"og:image\" content=\"https:\/\/purethcshop.de\/wp-content\/uploads\/2026\/03\/photo_2026-03-21_08-55-14.jpg\" \/>\n\t<meta property=\"og:image:width\" content=\"1280\" \/>\n\t<meta property=\"og:image:height\" content=\"853\" \/>\n\t<meta property=\"og:image:type\" content=\"image\/jpeg\" \/>\n<meta name=\"twitter:card\" content=\"summary_large_image\" \/>\n<meta name=\"twitter:label1\" content=\"Est. reading time\" \/>\n\t<meta name=\"twitter:data1\" content=\"1 minute\" \/>\n<script type=\"application\/ld+json\" class=\"yoast-schema-graph\">{\"@context\":\"https:\\\/\\\/schema.org\",\"@graph\":[{\"@type\":\"WebPage\",\"@id\":\"https:\\\/\\\/purethcshop.de\\\/uber-uns\\\/\",\"url\":\"https:\\\/\\\/purethcshop.de\\\/uber-uns\\\/\",\"name\":\"About Us | Pure THC Shop \u2013 Deine Experten f\u00fcr Premium Cannabis & Sicherheit\",\"isPartOf\":{\"@id\":\"https:\\\/\\\/purethcshop.de\\\/#website\"},\"datePublished\":\"2024-02-08T07:14:59+00:00\",\"dateModified\":\"2026-04-16T15:04:07+00:00\",\"description\":\"Lerne Pure THC Shop kennen. Wir stehen f\u00fcr laborgepr\u00fcfte Qualit\u00e4t, diskreten Versand und maximale Expertise im Cannabis-Handel.\",\"breadcrumb\":{\"@id\":\"https:\\\/\\\/purethcshop.de\\\/uber-uns\\\/#breadcrumb\"},\"inLanguage\":\"en-US\",\"potentialAction\":[{\"@type\":\"ReadAction\",\"target\":[\"https:\\\/\\\/purethcshop.de\\\/uber-uns\\\/\"]}]},{\"@type\":\"BreadcrumbList\",\"@id\":\"https:\\\/\\\/purethcshop.de\\\/uber-uns\\\/#breadcrumb\",\"itemListElement\":[{\"@type\":\"ListItem\",\"position\":1,\"name\":\"Home\",\"item\":\"https:\\\/\\\/purethcshop.de\\\/\"},{\"@type\":\"ListItem\",\"position\":2,\"name\":\"\u00dcber uns\"}]},{\"@type\":\"WebSite\",\"@id\":\"https:\\\/\\\/purethcshop.de\\\/#website\",\"url\":\"https:\\\/\\\/purethcshop.de\\\/\",\"name\":\"Pure THC Shop\",\"description\":\"Where Quality THC Meets Trust\",\"publisher\":{\"@id\":\"https:\\\/\\\/purethcshop.de\\\/#organization\"},\"alternateName\":\"HighLife THC Store\",\"potentialAction\":[{\"@type\":\"SearchAction\",\"target\":{\"@type\":\"EntryPoint\",\"urlTemplate\":\"https:\\\/\\\/purethcshop.de\\\/?s={search_term_string}\"},\"query-input\":{\"@type\":\"PropertyValueSpecification\",\"valueRequired\":true,\"valueName\":\"search_term_string\"}}],\"inLanguage\":\"en-US\"},{\"@type\":\"Organization\",\"@id\":\"https:\\\/\\\/purethcshop.de\\\/#organization\",\"name\":\"Pure THC Shop\",\"url\":\"https:\\\/\\\/purethcshop.de\\\/\",\"logo\":{\"@type\":\"ImageObject\",\"inLanguage\":\"en-US\",\"@id\":\"https:\\\/\\\/purethcshop.de\\\/#\\\/schema\\\/logo\\\/image\\\/\",\"url\":\"https:\\\/\\\/purethcshop.de\\\/wp-content\\\/uploads\\\/2026\\\/03\\\/logo.webp.jpg\",\"contentUrl\":\"https:\\\/\\\/purethcshop.de\\\/wp-content\\\/uploads\\\/2026\\\/03\\\/logo.webp.jpg\",\"width\":1280,\"height\":455,\"caption\":\"Pure THC Shop\"},\"image\":{\"@id\":\"https:\\\/\\\/purethcshop.de\\\/#\\\/schema\\\/logo\\\/image\\\/\"}}]}<\/script>\n<!-- \/ Yoast SEO Premium plugin. -->","yoast_head_json":{"title":"About Us | Pure THC Shop \u2013 Deine Experten f\u00fcr Premium Cannabis & Sicherheit","description":"Lerne Pure THC Shop kennen. Wir stehen f\u00fcr laborgepr\u00fcfte Qualit\u00e4t, diskreten Versand und maximale Expertise im Cannabis-Handel.","robots":{"index":"index","follow":"follow","max-snippet":"max-snippet:-1","max-image-preview":"max-image-preview:large","max-video-preview":"max-video-preview:-1"},"canonical":"https:\/\/purethcshop.de\/en\/uber-uns\/","og_locale":"en_US","og_type":"article","og_title":"\u00dcber uns","og_description":"Lerne Pure THC Shop kennen. Wir stehen f\u00fcr laborgepr\u00fcfte Qualit\u00e4t, diskreten Versand und maximale Expertise im Cannabis-Handel.","og_url":"https:\/\/purethcshop.de\/en\/uber-uns\/","og_site_name":"Pure THC Shop","article_modified_time":"2026-04-16T15:04:07+00:00","og_image":[{"width":1280,"height":853,"url":"https:\/\/purethcshop.de\/wp-content\/uploads\/2026\/03\/photo_2026-03-21_08-55-14.jpg","type":"image\/jpeg"}],"twitter_card":"summary_large_image","twitter_misc":{"Est. reading time":"1 minute"},"schema":{"@context":"https:\/\/schema.org","@graph":[{"@type":"WebPage","@id":"https:\/\/purethcshop.de\/uber-uns\/","url":"https:\/\/purethcshop.de\/uber-uns\/","name":"About Us | Pure THC Shop \u2013 Deine Experten f\u00fcr Premium Cannabis & Sicherheit","isPartOf":{"@id":"https:\/\/purethcshop.de\/#website"},"datePublished":"2024-02-08T07:14:59+00:00","dateModified":"2026-04-16T15:04:07+00:00","description":"Lerne Pure THC Shop kennen. Wir stehen f\u00fcr laborgepr\u00fcfte Qualit\u00e4t, diskreten Versand und maximale Expertise im Cannabis-Handel.","breadcrumb":{"@id":"https:\/\/purethcshop.de\/uber-uns\/#breadcrumb"},"inLanguage":"en-US","potentialAction":[{"@type":"ReadAction","target":["https:\/\/purethcshop.de\/uber-uns\/"]}]},{"@type":"BreadcrumbList","@id":"https:\/\/purethcshop.de\/uber-uns\/#breadcrumb","itemListElement":[{"@type":"ListItem","position":1,"name":"Home","item":"https:\/\/purethcshop.de\/"},{"@type":"ListItem","position":2,"name":"\u00dcber uns"}]},{"@type":"WebSite","@id":"https:\/\/purethcshop.de\/#website","url":"https:\/\/purethcshop.de\/","name":"Pure THC Shop","description":"Where Quality THC Meets Trust","publisher":{"@id":"https:\/\/purethcshop.de\/#organization"},"alternateName":"HighLife THC Store","potentialAction":[{"@type":"SearchAction","target":{"@type":"EntryPoint","urlTemplate":"https:\/\/purethcshop.de\/?s={search_term_string}"},"query-input":{"@type":"PropertyValueSpecification","valueRequired":true,"valueName":"search_term_string"}}],"inLanguage":"en-US"},{"@type":"Organization","@id":"https:\/\/purethcshop.de\/#organization","name":"Pure THC Shop","url":"https:\/\/purethcshop.de\/","logo":{"@type":"ImageObject","inLanguage":"en-US","@id":"https:\/\/purethcshop.de\/#\/schema\/logo\/image\/","url":"https:\/\/purethcshop.de\/wp-content\/uploads\/2026\/03\/logo.webp.jpg","contentUrl":"https:\/\/purethcshop.de\/wp-content\/uploads\/2026\/03\/logo.webp.jpg","width":1280,"height":455,"caption":"Pure THC Shop"},"image":{"@id":"https:\/\/purethcshop.de\/#\/schema\/logo\/image\/"}}]}},"_hostinger_reach_plugin_has_subscription_block":false,"_hostinger_reach_plugin_is_elementor":false,"jetpack_sharing_enabled":true,"_links":{"self":[{"href":"https:\/\/purethcshop.de\/en\/wp-json\/wp\/v2\/pages\/3127","targetHints":{"allow":["GET"]}}],"collection":[{"href":"https:\/\/purethcshop.de\/en\/wp-json\/wp\/v2\/pages"}],"about":[{"href":"https:\/\/purethcshop.de\/en\/wp-json\/wp\/v2\/types\/page"}],"author":[{"embeddable":true,"href":"https:\/\/purethcshop.de\/en\/wp-json\/wp\/v2\/users\/1"}],"replies":[{"embeddable":true,"href":"https:\/\/purethcshop.de\/en\/wp-json\/wp\/v2\/comments?post=3127"}],"version-history":[{"count":13,"href":"https:\/\/purethcshop.de\/en\/wp-json\/wp\/v2\/pages\/3127\/revisions"}],"predecessor-version":[{"id":6927,"href":"https:\/\/purethcshop.de\/en\/wp-json\/wp\/v2\/pages\/3127\/revisions\/6927"}],"wp:attachment":[{"href":"https:\/\/purethcshop.de\/en\/wp-json\/wp\/v2\/media?parent=3127"}],"curies":[{"name":"wp","href":"https:\/\/api.w.org\/{rel}","templated":true}]}}